{"id":478,"date":"2021-12-01T16:11:27","date_gmt":"2021-12-01T16:11:27","guid":{"rendered":"https:\/\/cbpg.com\/de\/\/?page_id=478"},"modified":"2022-04-29T10:21:50","modified_gmt":"2022-04-29T09:21:50","slug":"materials-handling","status":"publish","type":"page","link":"https:\/\/cbpg.com\/de\/unsere-produkte-loesungen\/materials-handling\/","title":{"rendered":"Materials Handling"},"content":{"rendered":"<!--themify_builder_content-->\n<div id=\"themify_builder_content-478\" data-postid=\"478\" class=\"themify_builder_content themify_builder_content-478 themify_builder tf_clear\">\n                    <div  data-mobile-padding=\"30px,30px\" data-css_id=\"01ys413\" data-lazy=\"1\" class=\"module_row themify_builder_row Corner fullwidth_row_container tb_01ys413 tb_first tf_w wow\" data-tf-animation=\"fadeIn\">\n            <span  class=\"builder_row_cover tf_abs\" data-lazy=\"1\"><\/span>            <div class=\"row_inner col_align_bottom tb_col_count_2 tf_box tf_rel\">\n                        <div  data-lazy=\"1\" class=\"module_column tb-column col3-2 tb_7xc8414 first\">\n                    <!-- module plain text -->\n<div  class=\"module module-plain-text tb_1w14414 \" data-lazy=\"1\">\n        <div class=\"tb_text_wrap\">\n    Unsere Produkte &#038; L\u00f6sungen     <\/div>\n<\/div>\n<!-- \/module plain text --><!-- module fancy heading -->\n<div  class=\"module module-fancy-heading tb_7gdf415 HideThemify tb_hide_divider\" data-lazy=\"1\">\n        <h1 class=\"fancy-heading\">\n    <span class=\"main-head tf_block\">\n                    Materials Handling            <\/span>\n\n    \n    <span class=\"sub-head tf_block tf_rel\">\n                                <\/span>\n    <\/h1>\n<\/div>\n<!-- \/module fancy heading -->\n        <\/div>\n                    <div  data-lazy=\"1\" class=\"module_column tb-column col3-1 tb_as3w415 last\">\n                            <\/div>\n                        <\/div>\n        <\/div>\n                        <div  data-css_id=\"lno2413\" data-lazy=\"1\" class=\"module_row themify_builder_row Corner fullwidth_row_container tb_lno2413 tf_w\">\n            <span  class=\"builder_row_cover tf_abs\" data-lazy=\"1\"><\/span>            <div class=\"row_inner col_align_bottom tb_col_count_1 tf_box tf_rel\">\n                        <div  data-lazy=\"1\" class=\"module_column tb-column col-full tb_2ve5416 first\">\n                    <!-- module text -->\n<div  class=\"module module-text tb_c32k416    wow\" data-tf-animation=\"fadeIn\" data-lazy=\"1\">\n        <div  class=\"tb_text_wrap\">\n        <p><strong>Auf den wettbewerbsintensiven M\u00e4rkten von heute m\u00fcssen Anlagenbetreiber ihre Entscheidungen nach wirtschaftlichen Ma\u00dfst\u00e4ben treffen, um ihre Anlagen effizient und zu minimalen Kosten zu betreiben. Angesichts der sich weltweit versch\u00e4rfenden Umweltschutzbestimmungen ist die Entscheidung f\u00fcr Trockenentaschungssysteme eine Investition in die Zukunft. Die DRYCON und DRYCON Compact Austragungssysteme von Clyde Bergemann extrahieren Bodenaschen verschiedener Kessel und Brennstoffe mit Hilfe einer\u00a0 mechanischen F\u00f6rderl\u00f6sung trocken ohne Einsatz von Wasser.<\/strong><\/p>\n<p>Trockensysteme haben erhebliche Vorteile bei der Bodenentaschung in Kraftwerken, M\u00fcllverbrennungsanlagen, Biomasseanlagen und anderen industriellen Prozessen. Bei Neubauprojekten und bei der Erneuerung bestehender Nasssysteme ergeben sich durch den Einsatz des DRYCON Trockenbodenentaschungssystems erhebliche \u00f6kologische und wirtschaftliche Vorteile.<\/p>\n<p>Die DRYCON-Technologie von Clyde Bergemann wird zur trockenen F\u00f6rderung von Bodenaschen und deren K\u00fchlung mit Hilfe von Umgebungsluft eingesetzt. DRYCON kann unter schwierigsten Betriebsbedingungen, wie z.B. sehr hohe Aschetemperatur und stark schwankenden Aschemengen, betrieben werden. Durch zus\u00e4tzliche Verst\u00e4rkungen unter den Plattenbandelementen und spezielle D\u00e4mpfungsmechanismen kann DRYCON sehr gro\u00dfe Aschemengen und -formationen, die u.a. pl\u00f6tzlich aus gro\u00dfer H\u00f6he auf das Plattenband auftreffen, ohne jede Beeintr\u00e4chtigung weiterf\u00f6rdern.<\/p>\n<p>Das DRYCON Compact System ist kompakter und dadurch sind die Investitionskosten um ca. 15-20 % geringer als beim gro\u00dfen DRYCON System. Es kann auch in bestehenden Anlagen nachger\u00fcstet werden, wenn der Platz und die H\u00f6he begrenzt ist.<\/p>\n<p>Unsere einzigartigen L\u00f6sungen ebnen den Weg in eine nachhaltigere Zukunft. Mit der DRYCON-Technologie k\u00f6nnen im Vergleich zu einem Nasssystem j\u00e4hrlich mehr als 170.000.000 Liter Wasser pro Anlage eingespart werden &#8211; Wasser, mit dem 70 olympische Schwimmbecken gef\u00fcllt werden k\u00f6nnten.<\/p>    <\/div>\n<\/div>\n<!-- \/module text --><!-- module text -->\n<div  class=\"module module-text tb_0yqf481    wow\" data-tf-animation=\"fadeIn\" data-lazy=\"1\">\n        <div  class=\"tb_text_wrap\">\n        <h2>PRODUKTE<\/h2>    <\/div>\n<\/div>\n<!-- \/module text --><!-- module post -->\n<div  class=\"module module-post tb_e1hc162 Product-images HideThemify\">\n    <div  class=\"builder-posts-wrap loops-wrapper unsere-produkte grid2 masonry classic tf_rel tf_clear tf_clearfix\" data-lazy=\"1\">\n    <article id=\"post-261\" class=\"post tf_clearfix post-261 unsere-produkte type-unsere-produkte status-publish has-post-thumbnail hentry category-andere-industrielle-prozesse category-biomasse category-energieerzeugung category-mullverbrennung industry_area-materials-handling has-post-title no-post-date has-post-category has-post-tag has-post-comment has-post-author \">\n\t    \n\t                <figure class=\"post-image tf_clearfix\">\n                                                            <a href=\"https:\/\/cbpg.com\/de\/unsere-produkte\/drycon\/\">\n                                        <img loading=\"lazy\" decoding=\"async\" width=\"655\" height=\"210\" src=\"https:\/\/cbpg.com\/de\/wp-content\/uploads\/2021\/11\/MH-01-DRYCON.png\" class=\"wp-post-image wp-image-262\" title=\"DRYCON\" alt=\"DRYCON\" srcset=\"https:\/\/cbpg.com\/de\/wp-content\/uploads\/2021\/11\/MH-01-DRYCON.png 655w, https:\/\/cbpg.com\/de\/wp-content\/uploads\/2021\/11\/MH-01-DRYCON-935x300.png 935w\" sizes=\"auto, (max-width: 655px) 100vw, 655px\" \/>                                                                    <\/a>\n                                                                <\/figure>\n                    \t<div class=\"post-content\">\n\t\t<div class=\"post-content-inner\">\n\n\t\t\t\n\t\t\t<h2 class=\"post-title entry-title\"><a href=\"https:\/\/cbpg.com\/de\/unsere-produkte\/drycon\/\">DRYCON\u2122<\/a><\/h2>\n\t\t\t\n\t\t\t\n\t\t\t        <div class=\"entry-content\">\n\n        \n            \n                \n            \n        <\/div><!-- \/.entry-content -->\n        \n\t\t<\/div>\n\t\t<!-- \/.post-content-inner -->\n\t<\/div>\n\t<!-- \/.post-content -->\n\t\n<\/article>\n<!-- \/.post -->\n<article id=\"post-263\" class=\"post tf_clearfix post-263 unsere-produkte type-unsere-produkte status-publish has-post-thumbnail hentry category-andere-industrielle-prozesse category-biomasse category-energieerzeugung category-mullverbrennung industry_area-materials-handling has-post-title no-post-date has-post-category has-post-tag has-post-comment has-post-author \">\n\t    \n\t                <figure class=\"post-image tf_clearfix\">\n                                                            <a href=\"https:\/\/cbpg.com\/de\/unsere-produkte\/drycon-compact\/\">\n                                        <img loading=\"lazy\" decoding=\"async\" width=\"650\" height=\"210\" src=\"https:\/\/cbpg.com\/de\/wp-content\/uploads\/2021\/11\/Drycon-Compact.jpeg\" class=\"wp-post-image wp-image-264\" title=\"Drycon-Compact\" alt=\"DRYCON Compact\" srcset=\"https:\/\/cbpg.com\/de\/wp-content\/uploads\/2021\/11\/Drycon-Compact.jpeg 650w, https:\/\/cbpg.com\/de\/wp-content\/uploads\/2021\/11\/Drycon-Compact-928x300.jpeg 928w\" sizes=\"auto, (max-width: 650px) 100vw, 650px\" \/>                                                                    <\/a>\n                                                                <\/figure>\n                    \t<div class=\"post-content\">\n\t\t<div class=\"post-content-inner\">\n\n\t\t\t\n\t\t\t<h2 class=\"post-title entry-title\"><a href=\"https:\/\/cbpg.com\/de\/unsere-produkte\/drycon-compact\/\">DRYCON\u2122 Compact<\/a><\/h2>\n\t\t\t\n\t\t\t\n\t\t\t        <div class=\"entry-content\">\n\n        \n            \n                \n            \n        <\/div><!-- \/.entry-content -->\n        \n\t\t<\/div>\n\t\t<!-- \/.post-content-inner -->\n\t<\/div>\n\t<!-- \/.post-content -->\n\t\n<\/article>\n<!-- \/.post -->\n    <\/div><!-- .builder-posts-wrap -->\n            <\/div>\n<!-- \/module post -->\n            <\/div>\n                        <\/div>\n        <\/div>\n                        <div  data-lazy=\"1\" class=\"module_row themify_builder_row SolutionsStart tb_xoo5553 tf_w\">\n                        <div class=\"row_inner gutter-narrow col_align_top tb_col_count_3 tf_box tf_rel\">\n                        <div  data-lazy=\"1\" class=\"module_column tb-column col4-2 tb_x9jz553 first\">\n                    <!-- module text -->\n<div  class=\"module module-text tb_peqq553   \" data-lazy=\"1\">\n        <div  class=\"tb_text_wrap\">\n        <h2>ERSATZTEILE &amp; SERVICE<\/h2>    <\/div>\n<\/div>\n<!-- \/module text --><!-- module text -->\n<div  class=\"module module-text tb_itw6553   \" data-lazy=\"1\">\n        <div  class=\"tb_text_wrap\">\n        <blockquote>\n<p>Unsere Dienstleistungen, unser Wissen und unsere Erfahrung werden genutzt, um optimale Unterst\u00fctzung zu bieten, und sind speziell auf die individuellen Kundenanforderungen zugeschnitten. Von Ersatzteilen \u00fcber Gutachten bis hin zu Wartung und Schulung &#8211; wir decken Ihren Bedarf.<\/p>\n<\/blockquote>    <\/div>\n<\/div>\n<!-- \/module text -->        <\/div>\n                    <div  data-lazy=\"1\" class=\"module_column tb-column col4-1 tb_7bkr553\">\n                    <!-- module image -->\n<div  class=\"module module-image tb_imfk554 image-full-overlay  access SplitIT auto_fullwidth tf_mw wow\" data-tf-animation=\"fadeInLeft\" data-lazy=\"1\">\n        <div class=\"image-wrap tf_rel tf_mw\">\n            <a href=\"https:\/\/cbpg.com\/de\/services-ersatzteile\/#Ersatzteile\">\n                   <img loading=\"lazy\" decoding=\"async\" width=\"350\" height=\"440\" src=\"https:\/\/cbpg.com\/de\/wp-content\/uploads\/2022\/01\/2456eosdfService-Spare-Parts.jpg\" class=\"wp-post-image wp-image-1545\" title=\"Ersatzteile \" alt=\"Ersatzteile \">        <\/a>\n    \n        <\/div>\n    <!-- \/image-wrap -->\n    \n        <div class=\"image-content tf_overflow\">\n                    <h3 class=\"image-title\">\n                                    <a href=\"https:\/\/cbpg.com\/de\/services-ersatzteile\/#Ersatzteile\">\n                        Ersatzteile                     <\/a>\n                            <\/h3>\n                        <div class=\"image-caption tb_text_wrap\">\n            <a href=\"https:\/\/cbpg.com\/de\/services-ersatzteile\/#Ersatzteile\">Mehr Informationen &gt;<\/a>        <\/div>\n        <!-- \/image-caption -->\n            <\/div>\n    <!-- \/image-content -->\n        <\/div>\n<!-- \/module image -->        <\/div>\n                    <div  data-lazy=\"1\" class=\"module_column tb-column col4-1 tb_5sgk554 last\">\n                    <!-- module image -->\n<div  class=\"module module-image tb_cq6h554 image-full-overlay  access SplitIT auto_fullwidth tf_mw wow\" data-tf-animation=\"fadeInRight\" data-lazy=\"1\">\n        <div class=\"image-wrap tf_rel tf_mw\">\n            <a href=\"https:\/\/cbpg.com\/de\/services-ersatzteile\/#Service\">\n                   <img loading=\"lazy\" decoding=\"async\" width=\"350\" height=\"440\" src=\"https:\/\/cbpg.com\/de\/wp-content\/uploads\/2021\/12\/eosdfService-Spare-Parts-1.jpeg\" class=\"wp-post-image wp-image-777\" title=\"Service\" alt=\"Service &amp; Spare Parts\">        <\/a>\n    \n        <\/div>\n    <!-- \/image-wrap -->\n    \n        <div class=\"image-content tf_overflow\">\n                    <h3 class=\"image-title\">\n                                    <a href=\"https:\/\/cbpg.com\/de\/services-ersatzteile\/#Service\">\n                        Service                    <\/a>\n                            <\/h3>\n                        <div class=\"image-caption tb_text_wrap\">\n            <a href=\"https:\/\/cbpg.com\/de\/services-ersatzteile\/#Service\">Mehr Informationen &gt;<\/a>        <\/div>\n        <!-- \/image-caption -->\n            <\/div>\n    <!-- \/image-content -->\n        <\/div>\n<!-- \/module image -->        <\/div>\n                        <\/div>\n        <\/div>\n                        <div  data-css_id=\"e7pv413\" data-lazy=\"1\" class=\"module_row themify_builder_row fullwidth_row_container tb_e7pv413 tf_w wow\" data-tf-animation=\"fadeIn\">\n                        <div class=\"row_inner col_align_top tb_col_count_1 tf_box tf_rel\">\n                        <div  data-lazy=\"1\" class=\"module_column tb-column col-full tb_3hd3417 first\">\n                    <!-- module text -->\n<div  class=\"module module-text tb_zi5a417    wow\" data-tf-animation=\"fadeIn\" data-lazy=\"1\">\n        <div  class=\"tb_text_wrap\">\n        <h2>VORTEILE UNSERER PRODUKTE<\/h2>    <\/div>\n<\/div>\n<!-- \/module text --><!-- module text -->\n<div  class=\"module module-text tb_tbma417    wow\" data-tf-animation=\"fadeIn\" data-lazy=\"1\">\n        <div  class=\"tb_text_wrap\">\n        <ul>\n<li>F\u00f6rderung und K\u00fchlung der trockenen Bodenasche mit nur einem F\u00f6rderer<\/li>\n<li>Kein Wasser f\u00fcr die F\u00f6rderung und K\u00fchlung der Bodenaschen notwendig, so dass alle Kosten f\u00fcr die Wasseraufbereitung entfallen<\/li>\n<li>Wartung kann im Anlagenbetrieb durchgef\u00fchrt werden, was zu einer erh\u00f6hten Kesselverf\u00fcgbarkeit f\u00fchrt<\/li>\n<li>Erh\u00f6hte Qualit\u00e4t der Bodenasche und dadurch nutzbar z.B. in der Bauindustrie, niedrige Lebenszykluskosten<\/li>\n<li>Erh\u00f6hte Kesseleffizienz, reduzierter Kohleeinsatz und CO2-Emissionen<\/li>\n<\/ul>    <\/div>\n<\/div>\n<!-- \/module text -->        <\/div>\n                        <\/div>\n        <\/div>\n        <\/div>\n<!--\/themify_builder_content-->","protected":false},"excerpt":{"rendered":"<p>Auf den wettbewerbsintensiven M\u00e4rkten von heute m\u00fcssen Anlagenbetreiber ihre Entscheidungen nach wirtschaftlichen Ma\u00dfst\u00e4ben treffen, um ihre Anlagen effizient und zu minimalen Kosten zu betreiben. Angesichts der sich weltweit versch\u00e4rfenden Umweltschutzbestimmungen ist die Entscheidung f\u00fcr Trockenentaschungssysteme eine Investition in die Zukunft. Die DRYCON und DRYCON Compact Austragungssysteme von Clyde Bergemann extrahieren Bodenaschen verschiedener Kessel und Brennstoffe [&hellip;]<\/p>\n","protected":false},"author":8,"featured_media":0,"parent":154,"menu_order":24,"comment_status":"closed","ping_status":"closed","template":"","meta":{"_acf_changed":false,"inline_featured_image":false,"_monsterinsights_skip_tracking":false,"_monsterinsights_sitenote_active":false,"_monsterinsights_sitenote_note":"","_monsterinsights_sitenote_category":0,"footnotes":"","_wp_rev_ctl_limit":""},"class_list":["post-478","page","type-page","status-publish","hentry","has-post-title","has-post-date","has-post-category","has-post-tag","has-post-comment","has-post-author",""],"acf":[],"builder_content":"Unsere Produkte & L\u00f6sungen\n<h1><br\/><\/h1>\n<p><strong>Auf den wettbewerbsintensiven M\u00e4rkten von heute m\u00fcssen Anlagenbetreiber ihre Entscheidungen nach wirtschaftlichen Ma\u00dfst\u00e4ben treffen, um ihre Anlagen effizient und zu minimalen Kosten zu betreiben. Angesichts der sich weltweit versch\u00e4rfenden Umweltschutzbestimmungen ist die Entscheidung f\u00fcr Trockenentaschungssysteme eine Investition in die Zukunft. Die DRYCON und DRYCON Compact Austragungssysteme von Clyde Bergemann extrahieren Bodenaschen verschiedener Kessel und Brennstoffe mit Hilfe einer\u00a0 mechanischen F\u00f6rderl\u00f6sung trocken ohne Einsatz von Wasser.<\/strong><\/p> <p>Trockensysteme haben erhebliche Vorteile bei der Bodenentaschung in Kraftwerken, M\u00fcllverbrennungsanlagen, Biomasseanlagen und anderen industriellen Prozessen. Bei Neubauprojekten und bei der Erneuerung bestehender Nasssysteme ergeben sich durch den Einsatz des DRYCON Trockenbodenentaschungssystems erhebliche \u00f6kologische und wirtschaftliche Vorteile.<\/p> <p>Die DRYCON-Technologie von Clyde Bergemann wird zur trockenen F\u00f6rderung von Bodenaschen und deren K\u00fchlung mit Hilfe von Umgebungsluft eingesetzt. DRYCON kann unter schwierigsten Betriebsbedingungen, wie z.B. sehr hohe Aschetemperatur und stark schwankenden Aschemengen, betrieben werden. Durch zus\u00e4tzliche Verst\u00e4rkungen unter den Plattenbandelementen und spezielle D\u00e4mpfungsmechanismen kann DRYCON sehr gro\u00dfe Aschemengen und -formationen, die u.a. pl\u00f6tzlich aus gro\u00dfer H\u00f6he auf das Plattenband auftreffen, ohne jede Beeintr\u00e4chtigung weiterf\u00f6rdern.<\/p> <p>Das DRYCON Compact System ist kompakter und dadurch sind die Investitionskosten um ca. 15-20 % geringer als beim gro\u00dfen DRYCON System. Es kann auch in bestehenden Anlagen nachger\u00fcstet werden, wenn der Platz und die H\u00f6he begrenzt ist.<\/p> <p>Unsere einzigartigen L\u00f6sungen ebnen den Weg in eine nachhaltigere Zukunft. Mit der DRYCON-Technologie k\u00f6nnen im Vergleich zu einem Nasssystem j\u00e4hrlich mehr als 170.000.000 Liter Wasser pro Anlage eingespart werden - Wasser, mit dem 70 olympische Schwimmbecken gef\u00fcllt werden k\u00f6nnten.<\/p>\n<h2>PRODUKTE<\/h2>\n<h2>ERSATZTEILE &amp; SERVICE<\/h2>\n<blockquote> <p>Unsere Dienstleistungen, unser Wissen und unsere Erfahrung werden genutzt, um optimale Unterst\u00fctzung zu bieten, und sind speziell auf die individuellen Kundenanforderungen zugeschnitten. Von Ersatzteilen \u00fcber Gutachten bis hin zu Wartung und Schulung - wir decken Ihren Bedarf.<\/p> <\/blockquote>\n<a href=\"https:\/\/cbpg.com\/de\/services-ersatzteile\/#Ersatzteile\"> <img src=\"https:\/\/cbpg.com\/de\/wp-content\/uploads\/2022\/01\/2456eosdfService-Spare-Parts.jpg\" title=\"Ersatzteile \" alt=\"Ersatzteile \"> <\/a> <h3> <a href=\"https:\/\/cbpg.com\/de\/services-ersatzteile\/#Ersatzteile\"> Ersatzteile <\/a> <\/h3> <a href=\"https:\/\/cbpg.com\/de\/services-ersatzteile\/#Ersatzteile\">Mehr Informationen &gt;<\/a>\n<a href=\"https:\/\/cbpg.com\/de\/services-ersatzteile\/#Service\"> <img src=\"https:\/\/cbpg.com\/de\/wp-content\/uploads\/2021\/12\/eosdfService-Spare-Parts-1.jpeg\" title=\"Service\" alt=\"Service &amp; Spare Parts\"> <\/a> <h3> <a href=\"https:\/\/cbpg.com\/de\/services-ersatzteile\/#Service\"> Service <\/a> <\/h3> <a href=\"https:\/\/cbpg.com\/de\/services-ersatzteile\/#Service\">Mehr Informationen &gt;<\/a>\n<h2>VORTEILE UNSERER PRODUKTE<\/h2>\n<ul> <li>F\u00f6rderung und K\u00fchlung der trockenen Bodenasche mit nur einem F\u00f6rderer<\/li> <li>Kein Wasser f\u00fcr die F\u00f6rderung und K\u00fchlung der Bodenaschen notwendig, so dass alle Kosten f\u00fcr die Wasseraufbereitung entfallen<\/li> <li>Wartung kann im Anlagenbetrieb durchgef\u00fchrt werden, was zu einer erh\u00f6hten Kesselverf\u00fcgbarkeit f\u00fchrt<\/li> <li>Erh\u00f6hte Qualit\u00e4t der Bodenasche und dadurch nutzbar z.B. in der Bauindustrie, niedrige Lebenszykluskosten<\/li> <li>Erh\u00f6hte Kesseleffizienz, reduzierter Kohleeinsatz und CO2-Emissionen<\/li> <\/ul>","_links":{"self":[{"href":"https:\/\/cbpg.com\/de\/wp-json\/wp\/v2\/pages\/478","targetHints":{"allow":["GET"]}}],"collection":[{"href":"https:\/\/cbpg.com\/de\/wp-json\/wp\/v2\/pages"}],"about":[{"href":"https:\/\/cbpg.com\/de\/wp-json\/wp\/v2\/types\/page"}],"author":[{"embeddable":true,"href":"https:\/\/cbpg.com\/de\/wp-json\/wp\/v2\/users\/8"}],"replies":[{"embeddable":true,"href":"https:\/\/cbpg.com\/de\/wp-json\/wp\/v2\/comments?post=478"}],"version-history":[{"count":0,"href":"https:\/\/cbpg.com\/de\/wp-json\/wp\/v2\/pages\/478\/revisions"}],"up":[{"embeddable":true,"href":"https:\/\/cbpg.com\/de\/wp-json\/wp\/v2\/pages\/154"}],"wp:attachment":[{"href":"https:\/\/cbpg.com\/de\/wp-json\/wp\/v2\/media?parent=478"}],"curies":[{"name":"wp","href":"https:\/\/api.w.org\/{rel}","templated":true}]}}