{"id":3251,"date":"2022-04-25T11:54:30","date_gmt":"2022-04-25T10:54:30","guid":{"rendered":"https:\/\/cbpg.com\/de\/\/cookie-policy-uk\/"},"modified":"2023-01-11T10:38:03","modified_gmt":"2023-01-11T10:38:03","slug":"cookie-richtlinie","status":"publish","type":"page","link":"https:\/\/cbpg.com\/de\/cookie-richtlinie\/","title":{"rendered":"Cookie Richtlinie"},"content":{"rendered":"<!--themify_builder_content-->\n<div id=\"themify_builder_content-3251\" data-postid=\"3251\" class=\"themify_builder_content themify_builder_content-3251 themify_builder tf_clear\">\n                    <div  data-lazy=\"1\" class=\"module_row themify_builder_row tb_vh31135 tb_first tf_w\">\n                        <div class=\"row_inner col_align_top tb_col_count_2 tf_box tf_rel\">\n                        <div  data-lazy=\"1\" class=\"module_column tb-column col4-3 tb_os2n136 first\">\n                    <!-- module text -->\n<div  class=\"module module-text tb_ya45531   \" data-lazy=\"1\">\n        <div  class=\"tb_text_wrap\">\n        <h2>1. Einleitung<\/h2>\n<p>Unsere Website <a href=\"https:\/\/cbpg.com\/de\">https:\/\/cbpg.com\/de<\/a> (im Folgenden: &#8222;die Website&#8220;) verwendet Cookies und andere verwandte Technologien (der Einfachheit halber werden alle Technologien als &#8222;Cookies&#8220; bezeichnet). Cookies werden auch von Dritten platziert, die wir beauftragt haben. Im folgenden Dokument informieren wir Sie \u00fcber die Verwendung von Cookies auf unserer Website<\/p>\n<h2>2. Was sind Cookies?<\/h2>\n<p>Ein Cookie ist eine kleine einfache Datei, die zusammen mit Seiten dieser Website gesendet und von Ihrem Browser auf der Festplatte Ihres Computers oder eines anderen Ger\u00e4ts gespeichert wird. Indem Sie beim Besuch unserer Website auf Akzeptieren klicken, erkl\u00e4ren Sie sich damit einverstanden, dass die darin gespeicherten Informationen bei einem sp\u00e4teren Besuch an unsere Server oder an die Server der jeweiligen Dritten zur\u00fcckgegeben werden d\u00fcrfen.<\/p>\n<h2>3. Was sind Skripte?<\/h2>\n<p>Ein Skript ist ein St\u00fcck Programmcode, das verwendet wird, damit unsere Website ordnungsgem\u00e4\u00df und interaktiv funktioniert. Indem Sie beim Besuch unserer Website auf Akzeptieren klicken, erkl\u00e4ren Sie sich damit einverstanden, dass dieser Code auf unserem Server oder auf Ihrem Ger\u00e4t ausgef\u00fchrt wird.<\/p>\n<h2>4. Was ist ein Web Beacon?<\/h2>\n<p><span style=\"font-weight: 400;\">Ein Web-Beacon (oder ein Pixel-Tag) ist ein kleines, unsichtbares Textst\u00fcck oder Bild auf einer Website, das zur \u00dcberwachung des Datenverkehrs auf einer Website verwendet wird. Indem Sie beim Besuch unserer Website auf Akzeptieren klicken, erkl\u00e4ren Sie sich damit einverstanden, dass zu diesem Zweck<\/span><\/p>\n<h2>5. Cookies<\/h2>\n<p><b>5.1 Technische oder funktionale Cookies<br><\/b><span style=\"font-weight: 400;\">Einige Cookies stellen sicher, dass bestimmte Teile der Website ordnungsgem\u00e4\u00df funktionieren und dass Ihre Benutzerpr\u00e4ferenzen bekannt bleiben. Durch das Setzen von funktionalen Cookies erleichtern wir Ihnen den Besuch unserer Website. Auf diese Weise m\u00fcssen Sie beim Besuch unserer Website nicht wiederholt dieselben Informationen eingeben. Wir k\u00f6nnen diese Cookies ohne Ihre Zustimmung platzieren.<\/span><\/p>\n<p><b>5.2 Statistik-Cookies<br><\/b>Wenn Sie diese Cookies akzeptieren, stimmen Sie zu, dass wir Statistik-Cookies verwenden, um die Website-Erfahrung f\u00fcr unsere Benutzer zu optimieren. Mit diesen Statistik-Cookies erhalten wir Einblicke in die Nutzung unserer Website. Wir bitten Sie um Ihre Erlaubnis, Statistik-Cookies zu platzieren.<\/p>\n<p><strong>5.3 Marketing-\/Tracking-Cookies<br><span style=\"font-weight: 400;\">Wenn Sie diese Cookies akzeptieren, stimmen Sie zu, dass Marketing-\/Tracking-Cookies Cookies oder eine andere Form der lokalen Speicherung sind, die verwendet werden, um Benutzerprofile zu erstellen, um Werbung anzuzeigen oder den Benutzer auf dieser Website oder \u00fcber mehrere Websites f\u00fcr \u00e4hnliche Marketingzwecke zu verfolgen.<\/span><br><\/strong><\/p>\n<h2><b>6. Platzierte Cookies<\/b><\/h2>    <\/div>\n<\/div>\n<!-- \/module text --><!-- module text -->\n<div  class=\"module module-text tb_njgo905   \" data-lazy=\"1\">\n        <div  class=\"tb_text_wrap\">\n        <p>[cmplz-cookies]<\/p>    <\/div>\n<\/div>\n<!-- \/module text --><!-- module text -->\n<div  class=\"module module-text tb_qneq947   \" data-lazy=\"1\">\n        <div  class=\"tb_text_wrap\">\n        <h2><b>7.1 Verwalten Sie Ihre Einwilligungseinstellungen<\/b><\/h2>\n<p>[cmplz-manage-consent]<\/p>\n<h2>8. <b>Aktivieren\/Deaktivieren und L\u00f6schen von Cookies<\/b><\/h2>\n<p><b>Sie k\u00f6nnen Ihren Internetbrowser verwenden, um <\/b><span style=\"font-weight: 400;\">Cookies automatisch oder manuell zu l\u00f6schen. Sie k\u00f6nnen auch festlegen, dass bestimmte Cookies nicht platziert werden d\u00fcrfen. Eine weitere M\u00f6glichkeit besteht darin, die Einstellungen Ihres Internetbrowsers so zu \u00e4ndern, dass Sie jedes Mal, wenn ein Cookie platziert wird, eine Nachricht erhalten. Weitere Informationen zu diesen Optionen finden Sie in den Anweisungen im Hilfebereich Ihres Browsers.<\/span><\/p>\n<p><span style=\"font-weight: 400;\">Bitte beachten Sie, dass unsere Website m\u00f6glicherweise nicht ordnungsgem\u00e4\u00df funktioniert, wenn alle Cookies deaktiviert sind. Wenn Sie die Cookies in Ihrem Browser l\u00f6schen, werden diese nach Ihrer Einwilligung wieder platziert, wenn Sie unsere Webseiten erneut besuchen.<\/span><\/p>\n<h2>9. <b>Kontaktangaben<\/b><\/h2>\n<p><span style=\"font-weight: 400;\">Bei Fragen und\/oder Kommentaren zu unserer Cookie-Richtlinie und dieser Erkl\u00e4rung kontaktieren Sie uns bitte \u00fcber die folgenden Kontaktdaten:<\/span><\/p>\n<p><span style=\"font-weight: 400;\"><strong>Clyde Bergemann Power Group GmbH<\/strong><br><\/span>Schillwiese 20, 46485 Wesel, Germany<\/p>\n<p><span style=\"font-weight: 400;\">Webseite: <a href=\"https:\/\/cbpg.com\">https:\/\/cbpg.com<\/a><br><\/span><span style=\"font-weight: 400;\">E-Mail-Adresse: <a href=\"mailto:privacy@cbpg.com\">privacy@cbpg.com<\/a><br><\/span><span style=\"font-weight: 400;\">Telefonnummer: +49 281 815-0<\/span><\/p>    <\/div>\n<\/div>\n<!-- \/module text -->        <\/div>\n                    <div  data-lazy=\"1\" class=\"module_column tb-column col4-1 tb_xuwi884 last\">\n                            <\/div>\n                        <\/div>\n        <\/div>\n        <\/div>\n<!--\/themify_builder_content-->","protected":false},"excerpt":{"rendered":"<p>1. Einleitung Unsere Website https:\/\/cbpg.com\/de (im Folgenden: &#8222;die Website&#8220;) verwendet Cookies und andere verwandte Technologien (der Einfachheit halber werden alle Technologien als &#8222;Cookies&#8220; bezeichnet). Cookies werden auch von Dritten platziert, die wir beauftragt haben. Im folgenden Dokument informieren wir Sie \u00fcber die Verwendung von Cookies auf unserer Website 2. Was sind Cookies? Ein Cookie ist [&hellip;]<\/p>\n","protected":false},"author":8,"featured_media":0,"parent":0,"menu_order":0,"comment_status":"closed","ping_status":"closed","template":"","meta":{"_acf_changed":false,"inline_featured_image":false,"_monsterinsights_skip_tracking":false,"_monsterinsights_sitenote_active":false,"_monsterinsights_sitenote_note":"","_monsterinsights_sitenote_category":0,"footnotes":"","_wp_rev_ctl_limit":""},"class_list":["post-3251","page","type-page","status-publish","hentry","has-post-title","has-post-date","has-post-category","has-post-tag","has-post-comment","has-post-author",""],"acf":[],"builder_content":"<h2>1. Einleitung<\/h2> <p>Unsere Website <a href=\"https:\/\/cbpg.com\/de\">https:\/\/cbpg.com\/de<\/a> (im Folgenden: \"die Website\") verwendet Cookies und andere verwandte Technologien (der Einfachheit halber werden alle Technologien als \"Cookies\" bezeichnet). Cookies werden auch von Dritten platziert, die wir beauftragt haben. Im folgenden Dokument informieren wir Sie \u00fcber die Verwendung von Cookies auf unserer Website<\/p> <h2>2. Was sind Cookies?<\/h2> <p>Ein Cookie ist eine kleine einfache Datei, die zusammen mit Seiten dieser Website gesendet und von Ihrem Browser auf der Festplatte Ihres Computers oder eines anderen Ger\u00e4ts gespeichert wird. Indem Sie beim Besuch unserer Website auf Akzeptieren klicken, erkl\u00e4ren Sie sich damit einverstanden, dass die darin gespeicherten Informationen bei einem sp\u00e4teren Besuch an unsere Server oder an die Server der jeweiligen Dritten zur\u00fcckgegeben werden d\u00fcrfen.<\/p> <h2>3. Was sind Skripte?<\/h2> <p>Ein Skript ist ein St\u00fcck Programmcode, das verwendet wird, damit unsere Website ordnungsgem\u00e4\u00df und interaktiv funktioniert. Indem Sie beim Besuch unserer Website auf Akzeptieren klicken, erkl\u00e4ren Sie sich damit einverstanden, dass dieser Code auf unserem Server oder auf Ihrem Ger\u00e4t ausgef\u00fchrt wird.<\/p> <h2>4. Was ist ein Web Beacon?<\/h2> <p>Ein Web-Beacon (oder ein Pixel-Tag) ist ein kleines, unsichtbares Textst\u00fcck oder Bild auf einer Website, das zur \u00dcberwachung des Datenverkehrs auf einer Website verwendet wird. Indem Sie beim Besuch unserer Website auf Akzeptieren klicken, erkl\u00e4ren Sie sich damit einverstanden, dass zu diesem Zweck<\/p> <h2>5. Cookies<\/h2> <p><b>5.1 Technische oder funktionale Cookies<br><\/b>Einige Cookies stellen sicher, dass bestimmte Teile der Website ordnungsgem\u00e4\u00df funktionieren und dass Ihre Benutzerpr\u00e4ferenzen bekannt bleiben. Durch das Setzen von funktionalen Cookies erleichtern wir Ihnen den Besuch unserer Website. Auf diese Weise m\u00fcssen Sie beim Besuch unserer Website nicht wiederholt dieselben Informationen eingeben. Wir k\u00f6nnen diese Cookies ohne Ihre Zustimmung platzieren.<\/p> <p><b>5.2 Statistik-Cookies<br><\/b>Wenn Sie diese Cookies akzeptieren, stimmen Sie zu, dass wir Statistik-Cookies verwenden, um die Website-Erfahrung f\u00fcr unsere Benutzer zu optimieren. Mit diesen Statistik-Cookies erhalten wir Einblicke in die Nutzung unserer Website. Wir bitten Sie um Ihre Erlaubnis, Statistik-Cookies zu platzieren.<\/p> <p><strong>5.3 Marketing-\/Tracking-Cookies<br>Wenn Sie diese Cookies akzeptieren, stimmen Sie zu, dass Marketing-\/Tracking-Cookies Cookies oder eine andere Form der lokalen Speicherung sind, die verwendet werden, um Benutzerprofile zu erstellen, um Werbung anzuzeigen oder den Benutzer auf dieser Website oder \u00fcber mehrere Websites f\u00fcr \u00e4hnliche Marketingzwecke zu verfolgen.<br><\/strong><\/p> <h2><b>6. Platzierte Cookies<\/b><\/h2>\n<p>[cmplz-cookies]<\/p>\n<h2><b>7.1 Verwalten Sie Ihre Einwilligungseinstellungen<\/b><\/h2> <p>[cmplz-manage-consent]<\/p> <h2>8. <b>Aktivieren\/Deaktivieren und L\u00f6schen von Cookies<\/b><\/h2> <p><b>Sie k\u00f6nnen Ihren Internetbrowser verwenden, um <\/b>Cookies automatisch oder manuell zu l\u00f6schen. Sie k\u00f6nnen auch festlegen, dass bestimmte Cookies nicht platziert werden d\u00fcrfen. Eine weitere M\u00f6glichkeit besteht darin, die Einstellungen Ihres Internetbrowsers so zu \u00e4ndern, dass Sie jedes Mal, wenn ein Cookie platziert wird, eine Nachricht erhalten. Weitere Informationen zu diesen Optionen finden Sie in den Anweisungen im Hilfebereich Ihres Browsers.<\/p> <p>Bitte beachten Sie, dass unsere Website m\u00f6glicherweise nicht ordnungsgem\u00e4\u00df funktioniert, wenn alle Cookies deaktiviert sind. Wenn Sie die Cookies in Ihrem Browser l\u00f6schen, werden diese nach Ihrer Einwilligung wieder platziert, wenn Sie unsere Webseiten erneut besuchen.<\/p> <h2>9. <b>Kontaktangaben<\/b><\/h2> <p>Bei Fragen und\/oder Kommentaren zu unserer Cookie-Richtlinie und dieser Erkl\u00e4rung kontaktieren Sie uns bitte \u00fcber die folgenden Kontaktdaten:<\/p> <p><strong>Clyde Bergemann Power Group GmbH<\/strong><br>Schillwiese 20, 46485 Wesel, Germany<\/p> <p>Webseite: <a href=\"https:\/\/cbpg.com\">https:\/\/cbpg.com<\/a><br>E-Mail-Adresse: <a href=\"mailto:privacy@cbpg.com\">privacy@cbpg.com<\/a><br>Telefonnummer: +49 281 815-0<\/p>","_links":{"self":[{"href":"https:\/\/cbpg.com\/de\/wp-json\/wp\/v2\/pages\/3251","targetHints":{"allow":["GET"]}}],"collection":[{"href":"https:\/\/cbpg.com\/de\/wp-json\/wp\/v2\/pages"}],"about":[{"href":"https:\/\/cbpg.com\/de\/wp-json\/wp\/v2\/types\/page"}],"author":[{"embeddable":true,"href":"https:\/\/cbpg.com\/de\/wp-json\/wp\/v2\/users\/8"}],"replies":[{"embeddable":true,"href":"https:\/\/cbpg.com\/de\/wp-json\/wp\/v2\/comments?post=3251"}],"version-history":[{"count":2,"href":"https:\/\/cbpg.com\/de\/wp-json\/wp\/v2\/pages\/3251\/revisions"}],"predecessor-version":[{"id":3901,"href":"https:\/\/cbpg.com\/de\/wp-json\/wp\/v2\/pages\/3251\/revisions\/3901"}],"wp:attachment":[{"href":"https:\/\/cbpg.com\/de\/wp-json\/wp\/v2\/media?parent=3251"}],"curies":[{"name":"wp","href":"https:\/\/api.w.org\/{rel}","templated":true}]}}