{"id":228,"date":"2021-11-30T23:00:58","date_gmt":"2021-11-30T23:00:58","guid":{"rendered":"https:\/\/cbpg.com\/de\/\/?page_id=228"},"modified":"2022-05-09T17:05:12","modified_gmt":"2022-05-09T16:05:12","slug":"soziale-verantwortung","status":"publish","type":"page","link":"https:\/\/cbpg.com\/de\/ueber-uns\/soziale-verantwortung\/","title":{"rendered":"Unsere soziale Verantwortung"},"content":{"rendered":"<!--themify_builder_content-->\n<div id=\"themify_builder_content-228\" data-postid=\"228\" class=\"themify_builder_content themify_builder_content-228 themify_builder tf_clear\">\n                    <div  data-css_id=\"wrwy822\" data-lazy=\"1\" class=\"module_row themify_builder_row Corner HideThemify fullwidth_row_container tb_wrwy822 tb_first tf_w wow\" data-tf-animation=\"fadeIn\" data-tbfullwidthvideo=\"https:\/\/cbpg-com.stackstaging.com\/en-gb\/wp-content\/uploads\/2022\/02\/AdobeStock_430770863.mp4\" data-playonmobile=\"play\">\n            <span  class=\"builder_row_cover tf_abs\" data-lazy=\"1\"><\/span>            <div class=\"row_inner col_align_bottom tb_col_count_2 tf_box tf_rel\">\n                        <div  data-lazy=\"1\" class=\"module_column tb-column col3-2 tb_v31a823 first\">\n                    <!-- module fancy heading -->\n<div  class=\"module module-fancy-heading tb_vyjk824  tb_hide_divider\" data-lazy=\"1\">\n        <h1 class=\"fancy-heading\">\n    <span class=\"main-head tf_block\">\n                    Unsere soziale Verantwortung            <\/span>\n\n    \n    <span class=\"sub-head tf_block tf_rel\">\n                                <\/span>\n    <\/h1>\n<\/div>\n<!-- \/module fancy heading -->\n        <\/div>\n                    <div  data-lazy=\"1\" class=\"module_column tb-column col3-1 tb_7i33824 last\">\n                            <\/div>\n                        <\/div>\n        <\/div>\n                        <div  data-css_id=\"esfw822\" data-lazy=\"1\" class=\"module_row themify_builder_row fullwidth_row_container tb_esfw822 tf_w\">\n                        <div class=\"row_inner col_align_top tb_col_count_1 tf_box tf_rel\">\n                        <div  data-lazy=\"1\" class=\"module_column tb-column col-full tb_vwqn825 first\">\n                            <div  data-lazy=\"1\" class=\"module_subrow themify_builder_sub_row tf_w col_align_top tb_col_count_2 tb_kjno825\">\n                <div  data-lazy=\"1\" class=\"module_column sub_column col3-2 tb_83ng826 first\">\n                    <!-- module text -->\n<div  class=\"module module-text tb_pedm826    wow\" data-tf-animation=\"fadeIn\" data-tf-animation_delay=\".3\" data-lazy=\"1\">\n        <div  class=\"tb_text_wrap\">\n        <p><strong>Bei allem was wir tun geht es darum, mit unserem Handeln Klimasch\u00e4den f\u00fcr unseren Planeten zu minimieren und hierzu Innovationen f\u00fcr die Energiewirtschaft zu entwickeln.<\/strong><\/p>\n<p>Wir arbeiten st\u00e4ndig an der Verbesserung unserer Produkte und L\u00f6sungen, um unseren Kunden in der Energiewirtschaft und verwandten Industrien modernste Technologien zur Verf\u00fcgung zu stellen. Diese sollen erm\u00f6glichen, die wachsende Nachfrage nach sauberer Energie zu bedienen und die dabei geltenden Umweltvorschriften einzuhalten. Wir wollen unsere Mitarbeiter in die Lage versetzen das zu tun, was wirklich wichtig ist: Wirtschaftswachstum mit Nachhaltigkeit zu verbinden, die f\u00fcr unsere Zukunft unabdingbar ist.<\/p>\n<p>Wir wissen, dass die weltweite Nachfrage nach Elektrizit\u00e4t bis 2050 um 70 % steigen wird (Statista). Und wir wissen, dass die Weltbev\u00f6lkerung bis dahin wachsen wird, n\u00e4mlich um zwei Milliarden Menschen. Auch die Nachfrage nach Lebensmitteln, Wasser und insbesondere Energie wird steigen. Die heutige globale Energiewirtschaft ist jedoch nicht in der Lage, diesen Bedarf vollst\u00e4ndig unter Nachhaltigkeitsgesichtspunkten zu decken.<\/p>\n<p>Unsere Aufgabe besteht darin, uns weiterhin auf Innovationen und technische Spitzenleistungen zu konzentrieren und die Energiewirtschaft auf ihrem Weg der Transformation so verantwortungsvoll und nachhaltig wie m\u00f6glich zu begleiten. Das bedeutet, dass wir unsere Produkte und L\u00f6sungen kontinuierlich verbessern, immer mit Blick auf die langfristige Sicherung der Energieversorgung und -umwandlung, die weitere Senkung der weltweiten Treibhausgasemissionen, die Sicherstellung, dass die Anlagen sauberer und effizienter betrieben werden und um dazu beizutragen, die globale Abfallwirtschaft weiterzuentwickeln.<\/p>    <\/div>\n<\/div>\n<!-- \/module text -->        <\/div>\n                    <div  data-lazy=\"1\" class=\"module_column sub_column col3-1 tb_zzko870 last\">\n                    <!-- module template_part -->\n<div  class=\"module module-layout-part tb_o11a259 \">\n    <div class=\"tb_layout_part_wrap tf_w\"><!--themify_builder_content-->\n    <div  class=\"themify_builder_content themify_builder_content-3064 themify_builder not_editable_builder in_the_loop\" data-postid=\"3064\">\n                        <div  data-lazy=\"1\" class=\"module_row themify_builder_row tb_sso4933 tf_w\">\n                        <div class=\"row_inner col_align_top tb_col_count_1 tf_box tf_rel\">\n                        <div  data-lazy=\"1\" class=\"module_column tb-column col-full tb_t0p4934 first\">\n                    <!-- module plain text -->\n<div  class=\"module module-plain-text tb_2rrp57 \" data-lazy=\"1\">\n        <div class=\"tb_text_wrap\">\n     <span class=\"Circle fadein\">\n<span class=\"inner\"><strong>5000+ <\/strong>Energieanlagen in verschiedenen Industrien weltweit ausger\u00fcstet<\/span><\/span>\n <span class=\"Circle Circle-lg fadein1\">\n<span class=\"inner\"><strong>500.000+<\/strong> <br>Reinigungsprodukte in den letzten 25 Jahren verkauft<\/span><\/span>\n<span class=\"Circle Circle-md fadein2\"> <span class=\"inner\">\n<strong>130+<\/strong><br> L\u00e4nder mit unseren Produkten beliefert<\/span><\/span>    <\/div>\n<\/div>\n<!-- \/module plain text -->        <\/div>\n                        <\/div>\n        <\/div>\n            <\/div>\n<!--\/themify_builder_content--><\/div>\n<\/div>\n<!-- \/module template_part -->        <\/div>\n                    <\/div>\n                <\/div>\n                        <\/div>\n        <\/div>\n                        <div  data-css_id=\"asja18\" data-lazy=\"1\" class=\"module_row themify_builder_row fullwidth_row_container tb_asja18 tf_w\">\n                        <div class=\"row_inner col_align_top tb_col_count_2 tf_box tf_rel\">\n                        <div  data-lazy=\"1\" class=\"module_column tb-column col4-2 tb_jdnb19 first\">\n                            <\/div>\n                    <div  data-lazy=\"1\" class=\"module_column tb-column col4-2 tb_v6ct19 last\">\n                            <div  data-lazy=\"1\" class=\"module_subrow themify_builder_sub_row tf_w HideThemify col_align_top tb_col_count_1 tb_68c4513\">\n        <span  class=\"builder_row_cover tf_abs\" data-lazy=\"1\"><\/span>        <div  data-lazy=\"1\" class=\"module_column sub_column col-full tb_m728513 first\">\n                    <!-- module text -->\n<div  class=\"module module-text tb_3vrs513 sustain  \" data-lazy=\"1\">\n        <div  class=\"tb_text_wrap\">\n        <h3>Durch uns bereits<\/h3>\n<h6 id=\"CCalc\" class=\"fig-number lblue AfterIT\" style=\"margin: 0px!important;\">0<\/h6>\n<h6 class=\"AfterIT\">Tonnen<\/h6>\n<h3>CO<sub>2\u00a0 <\/sub>in diesem Jahr eingespart.<\/h3>    <\/div>\n<\/div>\n<!-- \/module text -->        <\/div>\n                    <\/div>\n                <\/div>\n                        <\/div>\n        <\/div>\n                        <div  data-lazy=\"1\" class=\"module_row themify_builder_row tb_s8vt338 tf_w\">\n                        <div class=\"row_inner col_align_top tb_col_count_1 tf_box tf_rel\">\n                        <div  data-lazy=\"1\" class=\"module_column tb-column col-full tb_7ax6338 first\">\n                    <!-- module text -->\n<div  class=\"module module-text tb_kye2339   \" data-lazy=\"1\">\n        <div  class=\"tb_text_wrap\">\n        <h3>Klimaneutralit\u00e4t<\/h3>\n<p>Die Energiewende kommt, aber im Moment befinden wir uns noch in einer \u00dcbergangsphase und m\u00fcssen weiterhin fossile Kraftwerke betreiben. Es liegt jedoch in unserer Verantwortung daf\u00fcr zu sorgen, dass diese Kraftwerke sauberer, intelligenter und klimaneutraler betrieben werden, w\u00e4hrend die Welt weiterhin fossile Brennstoffe verbrennt. Dazu nutzen wir unsere hochmodernen Kesselreinigungssysteme.<\/p>\n<p><strong>Die Reinigungsl\u00f6sungen von Clyde Bergemann reduzieren die CO2-Emissionen von fossilen Kraftwerken in Deutschland um bis zu 2 Millionen Tonnen CO2 pro Jahr \u2013 das entspricht mehr als einer halben Millionen Transatlantikfl\u00fcge.<\/strong><\/p>    <\/div>\n<\/div>\n<!-- \/module text --><!-- module text -->\n<div  class=\"module module-text tb_ast9341   \" data-lazy=\"1\">\n        <div  class=\"tb_text_wrap\">\n        <h3>Bereitstellung von L\u00f6sungen zum umweltbewussten Betrieb von Kraftwerken<\/h3>    <\/div>\n<\/div>\n<!-- \/module text --><!-- module text -->\n<div  class=\"module module-text tb_wriu341   \" data-lazy=\"1\">\n        <div  class=\"tb_text_wrap\">\n        <p>Solange die Welt noch fossile Brennstoffe verbrennt, helfen wir mit unseren Kesselreinigungssystemen, die sich flexibel an unterschiedliche Ablagerungssituationen anpassen, konventionelle Kraftwerke umweltbewusst zu betreiben.<\/p>\n<p>Dank unserer SMART Clean Plattform und unserer intelligenten Steuerungssysteme sind wir in der Lage, Kraftwerke f\u00fcr fossile Brennstoffe so effizient zu machen, dass die CO2-Emissionen reduziert und der Wasserverbrauch deutlich gesenkt werden.<\/p>\n<p>Unsere Technologien und unser Fokus auf Prozesseffizienz geben allen von uns belieferten Industrien die M\u00f6glichkeit der Prozessverbesserung und sorgen f\u00fcr einen optimierten, effizienteren und emissions\u00e4rmeren Betrieb sowie f\u00fcr l\u00e4ngere Betriebszeiten und eine verbesserte Kesseleffizienz bei zugleich deutlich geringeren Wasserverbr\u00e4uchen.<\/p>    <\/div>\n<\/div>\n<!-- \/module text -->        <div  data-lazy=\"1\" class=\"module_subrow themify_builder_sub_row tf_w col_align_top tb_col_count_3 tb_o65r339\">\n                <div  data-lazy=\"1\" class=\"module_column sub_column col3-1 tb_bd2h340 first\">\n                    <!-- module text -->\n<div  class=\"module module-text tb_09po340   \" data-lazy=\"1\">\n        <div  class=\"tb_text_wrap\">\n        <p><strong>Bis zu<\/strong><\/p>\n<h3 class=\"fig-number\">2<\/h3>\n<h5><strong>Millionen Tonnen CO<sub>2<\/sub>-Einsparung pro Jahr durch unsere Systeme in Deutschland<\/strong><\/h5>    <\/div>\n<\/div>\n<!-- \/module text -->        <\/div>\n                    <div  data-lazy=\"1\" class=\"module_column sub_column col3-1 tb_qpy5340\">\n                    <!-- module text -->\n<div  class=\"module module-text tb_rg8u340   \" data-lazy=\"1\">\n        <div  class=\"tb_text_wrap\">\n        <p><strong>Bis zu<\/strong><\/p>\n<h3 class=\"fig-number\">3500<\/h3>\n<h5><strong>Tonnen Einsparung fossiler Brennstoffe pro Jahr und Anlage; dies entspricht dem \u00c4quivalent von 180 Lkws*.<\/strong><\/h5>\n<h5><span style=\"font-size: 14px;\">*Referenz:\u00a0 800-MW-Anlage<\/span><\/h5>    <\/div>\n<\/div>\n<!-- \/module text -->        <\/div>\n                    <div  data-lazy=\"1\" class=\"module_column sub_column col3-1 tb_ipe7340 last\">\n                    <!-- module text -->\n<div  class=\"module module-text tb_fu7y340   \" data-lazy=\"1\">\n        <div  class=\"tb_text_wrap\">\n        <p><strong>Bis zu<\/strong><\/p>\n<h3 class=\"fig-number\">170<\/h3>\n<h5><strong>Millionen Liter Wassereinsparung pro Jahr und Anlage, dank unserer Trockenentaschungs-technologie *.<\/strong><\/h5>\n<p><span style=\"font-size: 14px;\">*Referenz:\u00a0 800-MW-Anlage<\/span><\/p>    <\/div>\n<\/div>\n<!-- \/module text -->        <\/div>\n                    <\/div>\n                <\/div>\n                        <\/div>\n        <\/div>\n                        <div  data-parallax-bg=\"desktop\" data-css_id=\"92nz532\" data-lazy=\"1\" class=\"module_row themify_builder_row fullheight fullwidth tb_92nz532 tf_w\">\n                        <div class=\"row_inner col_align_top tb_col_count_1 tf_box tf_rel\">\n                        <div  data-lazy=\"1\" class=\"module_column tb-column col-full tb_1mff532 first\">\n                            <\/div>\n                        <\/div>\n        <\/div>\n                        <div  data-lazy=\"1\" class=\"module_row themify_builder_row tb_j4jy820 tf_w\">\n                        <div class=\"row_inner col_align_top tb_col_count_2 tf_box tf_rel\">\n                        <div  data-lazy=\"1\" class=\"module_column tb-column col3-2 tb_6zuh820 first\">\n                    <!-- module text -->\n<div  class=\"module module-text tb_ai2p821   \" data-lazy=\"1\">\n        <div  class=\"tb_text_wrap\">\n        <h3 class=\"lblue\">Unterst\u00fctzung der M\u00fcllverbrennungsbranche<\/h3>\n<p>Unser Planet steht vor einem erheblichen Abfallproblem: Jedes Jahr werden \u00fcber zwei Milliarden Tonnen Abfall produziert. Dies entspricht dem Gewicht von 20.000 Frachtschiffen. Bis 2050 wird ein Anstieg der weltweiten Abfallmenge auf 3,4 Milliarden Tonnen pro Jahr prognostiziert.<\/p>\n<p>Wir unterst\u00fctzen unsere Kunden im Bereich der Energiegewinnung aus Abf\u00e4llen, damit Deponien reduziert und M\u00fcllverbrennungsanlagen zuverl\u00e4ssiger und sicherer betreiben werden k\u00f6nnen. Die Zuverl\u00e4ssigkeit unserer On-Load Reinigungssysteme ist so hoch, dass sie die Kesselverschmutzung w\u00e4hrend der Laufzeit der Anlage verringern und somit einen kontinuierlichen Betrieb gew\u00e4hrleisten.<\/p>    <\/div>\n<\/div>\n<!-- \/module text --><!-- module text -->\n<div  class=\"module module-text tb_8ev0822   \" data-lazy=\"1\">\n        <div  class=\"tb_text_wrap\">\n        <h3 class=\"lblue\">Biomasse<\/h3>\n<p>Auch im Bereich der CO<sub>2 <\/sub>&#8211; neutralen Biomasse bauen wir unser Engagement stetig aus. Biomasseanlagen spielen eine wichtige Rolle f\u00fcr die Entwicklung nachhaltiger Energiesysteme und gewinnen weltweit immer mehr an Bedeutung. Wir haben eine Reihe von erstklassigen Produkten und L\u00f6sungen f\u00fcr Biomasseanlagen entwickelt, die der steigenden Nachfrage Rechnung tragen und einen direkten Beitrag zum Energieerzeugungsmix leisten.<\/p>    <\/div>\n<\/div>\n<!-- \/module text --><!-- module text -->\n<div  class=\"module module-text tb_jn4t822   \" data-lazy=\"1\">\n        <div  class=\"tb_text_wrap\">\n        <h3 class=\"lblue\">Unser Engagement<\/h3>\n<p>Unsere Welt braucht Antworten auf die aktuelle Energiesituation und die notwendige Ver\u00e4nderung der Energiewirtschaft \u00a0hin zur Klimaneutralit\u00e4t , die f\u00fcr eine nachhaltige Zukunft notwendig ist. In dieser \u00dcbergangsphase und dar\u00fcber hinaus verpflichten wir uns zu kontinuierlichen Entwicklungen, um die negativen Auswirkungen der Treibhausgasemissionen zu begrenzen und auf eine CO2-neutrale Energiewirtschaft hinzuarbeiten.<\/p>\n<p>Unsere unternehmerische T\u00e4tigkeit, unsere globalen Partnerschaften und unser vielf\u00e4ltiges Produktportfolio ebnen den Weg in eine nachhaltigere Zukunft. Vor 100 Jahren haben wir Dampflokomotiven ausger\u00fcstet, heute und in den kommenden Jahrzehnten werden wir die Energieversorger der Zukunft beliefern, immer mit dem Fokus auf Nachhaltigkeit.<\/p>    <\/div>\n<\/div>\n<!-- \/module text -->        <\/div>\n                    <div  data-lazy=\"1\" class=\"module_column tb-column col3-1 tb_sw7i278 last\">\n                            <\/div>\n                        <\/div>\n        <\/div>\n        <\/div>\n<!--\/themify_builder_content-->","protected":false},"excerpt":{"rendered":"<p>Bei allem was wir tun geht es darum, mit unserem Handeln Klimasch\u00e4den f\u00fcr unseren Planeten zu minimieren und hierzu Innovationen f\u00fcr die Energiewirtschaft zu entwickeln. Wir arbeiten st\u00e4ndig an der Verbesserung unserer Produkte und L\u00f6sungen, um unseren Kunden in der Energiewirtschaft und verwandten Industrien modernste Technologien zur Verf\u00fcgung zu stellen. Diese sollen erm\u00f6glichen, die wachsende [&hellip;]<\/p>\n","protected":false},"author":8,"featured_media":0,"parent":193,"menu_order":19,"comment_status":"closed","ping_status":"closed","template":"","meta":{"_acf_changed":false,"inline_featured_image":false,"_monsterinsights_skip_tracking":false,"_monsterinsights_sitenote_active":false,"_monsterinsights_sitenote_note":"","_monsterinsights_sitenote_category":0,"footnotes":"","_wp_rev_ctl_limit":""},"class_list":["post-228","page","type-page","status-publish","hentry","has-post-title","has-post-date","has-post-category","has-post-tag","has-post-comment","has-post-author",""],"acf":[],"builder_content":"<h1>Unsere soziale Verantwortung<br\/><\/h1>\n<p><strong>Bei allem was wir tun geht es darum, mit unserem Handeln Klimasch\u00e4den f\u00fcr unseren Planeten zu minimieren und hierzu Innovationen f\u00fcr die Energiewirtschaft zu entwickeln.<\/strong><\/p> <p>Wir arbeiten st\u00e4ndig an der Verbesserung unserer Produkte und L\u00f6sungen, um unseren Kunden in der Energiewirtschaft und verwandten Industrien modernste Technologien zur Verf\u00fcgung zu stellen. Diese sollen erm\u00f6glichen, die wachsende Nachfrage nach sauberer Energie zu bedienen und die dabei geltenden Umweltvorschriften einzuhalten. Wir wollen unsere Mitarbeiter in die Lage versetzen das zu tun, was wirklich wichtig ist: Wirtschaftswachstum mit Nachhaltigkeit zu verbinden, die f\u00fcr unsere Zukunft unabdingbar ist.<\/p> <p>Wir wissen, dass die weltweite Nachfrage nach Elektrizit\u00e4t bis 2050 um 70 % steigen wird (Statista). Und wir wissen, dass die Weltbev\u00f6lkerung bis dahin wachsen wird, n\u00e4mlich um zwei Milliarden Menschen. Auch die Nachfrage nach Lebensmitteln, Wasser und insbesondere Energie wird steigen. Die heutige globale Energiewirtschaft ist jedoch nicht in der Lage, diesen Bedarf vollst\u00e4ndig unter Nachhaltigkeitsgesichtspunkten zu decken.<\/p> <p>Unsere Aufgabe besteht darin, uns weiterhin auf Innovationen und technische Spitzenleistungen zu konzentrieren und die Energiewirtschaft auf ihrem Weg der Transformation so verantwortungsvoll und nachhaltig wie m\u00f6glich zu begleiten. Das bedeutet, dass wir unsere Produkte und L\u00f6sungen kontinuierlich verbessern, immer mit Blick auf die langfristige Sicherung der Energieversorgung und -umwandlung, die weitere Senkung der weltweiten Treibhausgasemissionen, die Sicherstellung, dass die Anlagen sauberer und effizienter betrieben werden und um dazu beizutragen, die globale Abfallwirtschaft weiterzuentwickeln.<\/p>\n<h3>Durch uns bereits<\/h3> <h6 id=\"CCalc\" style=\"margin: 0px!important;\">0<\/h6> <h6>Tonnen<\/h6> <h3>CO<sub>2\u00a0 <\/sub>in diesem Jahr eingespart.<\/h3>\n<h3>Klimaneutralit\u00e4t<\/h3> <p>Die Energiewende kommt, aber im Moment befinden wir uns noch in einer \u00dcbergangsphase und m\u00fcssen weiterhin fossile Kraftwerke betreiben. Es liegt jedoch in unserer Verantwortung daf\u00fcr zu sorgen, dass diese Kraftwerke sauberer, intelligenter und klimaneutraler betrieben werden, w\u00e4hrend die Welt weiterhin fossile Brennstoffe verbrennt. Dazu nutzen wir unsere hochmodernen Kesselreinigungssysteme.<\/p> <p><strong>Die Reinigungsl\u00f6sungen von Clyde Bergemann reduzieren die CO2-Emissionen von fossilen Kraftwerken in Deutschland um bis zu 2 Millionen Tonnen CO2 pro Jahr \u2013 das entspricht mehr als einer halben Millionen Transatlantikfl\u00fcge.<\/strong><\/p>\n<h3>Bereitstellung von L\u00f6sungen zum umweltbewussten Betrieb von Kraftwerken<\/h3>\n<p>Solange die Welt noch fossile Brennstoffe verbrennt, helfen wir mit unseren Kesselreinigungssystemen, die sich flexibel an unterschiedliche Ablagerungssituationen anpassen, konventionelle Kraftwerke umweltbewusst zu betreiben.<\/p> <p>Dank unserer SMART Clean Plattform und unserer intelligenten Steuerungssysteme sind wir in der Lage, Kraftwerke f\u00fcr fossile Brennstoffe so effizient zu machen, dass die CO2-Emissionen reduziert und der Wasserverbrauch deutlich gesenkt werden.<\/p> <p>Unsere Technologien und unser Fokus auf Prozesseffizienz geben allen von uns belieferten Industrien die M\u00f6glichkeit der Prozessverbesserung und sorgen f\u00fcr einen optimierten, effizienteren und emissions\u00e4rmeren Betrieb sowie f\u00fcr l\u00e4ngere Betriebszeiten und eine verbesserte Kesseleffizienz bei zugleich deutlich geringeren Wasserverbr\u00e4uchen.<\/p>\n<p><strong>Bis zu<\/strong><\/p> <h3>2<\/h3> <h5><strong>Millionen Tonnen CO<sub>2<\/sub>-Einsparung pro Jahr durch unsere Systeme in Deutschland<\/strong><\/h5>\n<p><strong>Bis zu<\/strong><\/p> <h3>3500<\/h3> <h5><strong>Tonnen Einsparung fossiler Brennstoffe pro Jahr und Anlage; dies entspricht dem \u00c4quivalent von 180 Lkws*.<\/strong><\/h5> <h5>*Referenz:\u00a0 800-MW-Anlage<\/h5>\n<p><strong>Bis zu<\/strong><\/p> <h3>170<\/h3> <h5><strong>Millionen Liter Wassereinsparung pro Jahr und Anlage, dank unserer Trockenentaschungs-technologie *.<\/strong><\/h5> <p>*Referenz:\u00a0 800-MW-Anlage<\/p>\n<h3>Unterst\u00fctzung der M\u00fcllverbrennungsbranche<\/h3> <p>Unser Planet steht vor einem erheblichen Abfallproblem: Jedes Jahr werden \u00fcber zwei Milliarden Tonnen Abfall produziert. Dies entspricht dem Gewicht von 20.000 Frachtschiffen. Bis 2050 wird ein Anstieg der weltweiten Abfallmenge auf 3,4 Milliarden Tonnen pro Jahr prognostiziert.<\/p> <p>Wir unterst\u00fctzen unsere Kunden im Bereich der Energiegewinnung aus Abf\u00e4llen, damit Deponien reduziert und M\u00fcllverbrennungsanlagen zuverl\u00e4ssiger und sicherer betreiben werden k\u00f6nnen. Die Zuverl\u00e4ssigkeit unserer On-Load Reinigungssysteme ist so hoch, dass sie die Kesselverschmutzung w\u00e4hrend der Laufzeit der Anlage verringern und somit einen kontinuierlichen Betrieb gew\u00e4hrleisten.<\/p>\n<h3>Biomasse<\/h3> <p>Auch im Bereich der CO<sub>2 <\/sub>- neutralen Biomasse bauen wir unser Engagement stetig aus. Biomasseanlagen spielen eine wichtige Rolle f\u00fcr die Entwicklung nachhaltiger Energiesysteme und gewinnen weltweit immer mehr an Bedeutung. Wir haben eine Reihe von erstklassigen Produkten und L\u00f6sungen f\u00fcr Biomasseanlagen entwickelt, die der steigenden Nachfrage Rechnung tragen und einen direkten Beitrag zum Energieerzeugungsmix leisten.<\/p>\n<h3>Unser Engagement<\/h3> <p>Unsere Welt braucht Antworten auf die aktuelle Energiesituation und die notwendige Ver\u00e4nderung der Energiewirtschaft \u00a0hin zur Klimaneutralit\u00e4t , die f\u00fcr eine nachhaltige Zukunft notwendig ist. In dieser \u00dcbergangsphase und dar\u00fcber hinaus verpflichten wir uns zu kontinuierlichen Entwicklungen, um die negativen Auswirkungen der Treibhausgasemissionen zu begrenzen und auf eine CO2-neutrale Energiewirtschaft hinzuarbeiten.<\/p> <p>Unsere unternehmerische T\u00e4tigkeit, unsere globalen Partnerschaften und unser vielf\u00e4ltiges Produktportfolio ebnen den Weg in eine nachhaltigere Zukunft. Vor 100 Jahren haben wir Dampflokomotiven ausger\u00fcstet, heute und in den kommenden Jahrzehnten werden wir die Energieversorger der Zukunft beliefern, immer mit dem Fokus auf Nachhaltigkeit.<\/p>","_links":{"self":[{"href":"https:\/\/cbpg.com\/de\/wp-json\/wp\/v2\/pages\/228","targetHints":{"allow":["GET"]}}],"collection":[{"href":"https:\/\/cbpg.com\/de\/wp-json\/wp\/v2\/pages"}],"about":[{"href":"https:\/\/cbpg.com\/de\/wp-json\/wp\/v2\/types\/page"}],"author":[{"embeddable":true,"href":"https:\/\/cbpg.com\/de\/wp-json\/wp\/v2\/users\/8"}],"replies":[{"embeddable":true,"href":"https:\/\/cbpg.com\/de\/wp-json\/wp\/v2\/comments?post=228"}],"version-history":[{"count":1,"href":"https:\/\/cbpg.com\/de\/wp-json\/wp\/v2\/pages\/228\/revisions"}],"predecessor-version":[{"id":3678,"href":"https:\/\/cbpg.com\/de\/wp-json\/wp\/v2\/pages\/228\/revisions\/3678"}],"up":[{"embeddable":true,"href":"https:\/\/cbpg.com\/de\/wp-json\/wp\/v2\/pages\/193"}],"wp:attachment":[{"href":"https:\/\/cbpg.com\/de\/wp-json\/wp\/v2\/media?parent=228"}],"curies":[{"name":"wp","href":"https:\/\/api.w.org\/{rel}","templated":true}]}}