{"id":206,"date":"2021-11-30T22:43:15","date_gmt":"2021-11-30T22:43:15","guid":{"rendered":"https:\/\/cbpg.com\/de\/\/?page_id=206"},"modified":"2025-05-14T05:33:26","modified_gmt":"2025-05-14T04:33:26","slug":"arbeiten-bei-clyde-bergemann","status":"publish","type":"page","link":"https:\/\/cbpg.com\/de\/ueber-uns\/arbeiten-bei-clyde-bergemann\/","title":{"rendered":"Arbeiten bei Clyde Bergemann"},"content":{"rendered":"<!--themify_builder_content-->\n<div id=\"themify_builder_content-206\" data-postid=\"206\" class=\"themify_builder_content themify_builder_content-206 themify_builder tf_clear\">\n                    <div  data-mobile-padding=\"30px,30px\" data-css_id=\"9z2p906\" data-lazy=\"1\" class=\"module_row themify_builder_row Corner fullwidth_row_container tb_9z2p906 tb_first tf_w wow\" data-tf-animation=\"fadeIn\">\n            <span  class=\"builder_row_cover tf_abs\" data-lazy=\"1\"><\/span>            <div class=\"row_inner col_align_bottom tb_col_count_2 tf_box tf_rel\">\n                        <div  data-lazy=\"1\" class=\"module_column tb-column col4-2 tb_t9p8907 first\">\n                    <!-- module plain text -->\n<div  class=\"module module-plain-text tb_iuxo907 \" data-lazy=\"1\">\n        <div class=\"tb_text_wrap\">\n    Karriere    <\/div>\n<\/div>\n<!-- \/module plain text --><!-- module fancy heading -->\n<div  class=\"module module-fancy-heading tb_ah6w908  tb_hide_divider\" data-lazy=\"1\">\n        <h1 class=\"fancy-heading\">\n    <span class=\"main-head tf_block\">\n                    ARBEITEN BEI CLYDE BERGEMANN            <\/span>\n\n    \n    <span class=\"sub-head tf_block tf_rel\">\n                                <\/span>\n    <\/h1>\n<\/div>\n<!-- \/module fancy heading -->\n        <\/div>\n                    <div  data-lazy=\"1\" class=\"module_column tb-column col4-2 tb_gba1908 last\">\n                            <\/div>\n                        <\/div>\n        <\/div>\n                        <div  data-css_id=\"igg7906\" data-lazy=\"1\" class=\"module_row themify_builder_row fullwidth_row_container tb_igg7906 tf_w\">\n                        <div class=\"row_inner col_align_top tb_col_count_1 tf_box tf_rel\">\n                        <div  data-lazy=\"1\" class=\"module_column tb-column col-full tb_3d57909 first\">\n                            <div  data-lazy=\"1\" class=\"module_subrow themify_builder_sub_row tf_w col_align_top tb_col_count_2 tb_2834909\">\n                <div  data-lazy=\"1\" class=\"module_column sub_column col3-2 tb_okwc910 first\">\n                    <!-- module text -->\n<div  class=\"module module-text tb_obb1910    wow\" data-tf-animation=\"fadeIn\" data-tf-animation_delay=\".3\" data-lazy=\"1\">\n        <div  class=\"tb_text_wrap\">\n        <h2>UNSERE VISION<\/h2>\n<p>Wir wollen auch in der Zukunft ein weltweit f\u00fchrendes Unternehmen sein, das sich auf die Entwicklung, die Herstellung und den Service von Schl\u00fcsselkomponenten f\u00fcr die Energiewirtschaft und verwandte Industrien konzentriert und diese um digitale L\u00f6sungen erg\u00e4nzt. Wir wollen beitragen, den Weg in eine nachhaltigere Zukunft f\u00fcr kommende Generationen zu ebnen.<\/p>\n<p>Vor 100 Jahren haben wir Dampflokomotiven ausger\u00fcstet, heute und in den kommenden Jahrzehnten werden wir die Energieversorger der Zukunft beliefern.<\/p>    <\/div>\n<\/div>\n<!-- \/module text -->        <\/div>\n                    <div  data-lazy=\"1\" class=\"module_column sub_column col3-1 tb_lt7j962 last\">\n                    <!-- module template_part -->\n<div  class=\"module module-layout-part tb_tlt7534 \">\n    <div class=\"tb_layout_part_wrap tf_w\"><!--themify_builder_content-->\n    <div  class=\"themify_builder_content themify_builder_content-3064 themify_builder not_editable_builder in_the_loop\" data-postid=\"3064\">\n                        <div  data-lazy=\"1\" class=\"module_row themify_builder_row tb_sso4933 tf_w\">\n                        <div class=\"row_inner col_align_top tb_col_count_1 tf_box tf_rel\">\n                        <div  data-lazy=\"1\" class=\"module_column tb-column col-full tb_t0p4934 first\">\n                    <!-- module plain text -->\n<div  class=\"module module-plain-text tb_2rrp57 \" data-lazy=\"1\">\n        <div class=\"tb_text_wrap\">\n     <span class=\"Circle fadein\">\n<span class=\"inner\"><strong>5000+ <\/strong>Energieanlagen in verschiedenen Industrien weltweit ausger\u00fcstet<\/span><\/span>\n <span class=\"Circle Circle-lg fadein1\">\n<span class=\"inner\"><strong>500.000+<\/strong> <br>Reinigungsprodukte in den letzten 25 Jahren verkauft<\/span><\/span>\n<span class=\"Circle Circle-md fadein2\"> <span class=\"inner\">\n<strong>130+<\/strong><br> L\u00e4nder mit unseren Produkten beliefert<\/span><\/span>    <\/div>\n<\/div>\n<!-- \/module plain text -->        <\/div>\n                        <\/div>\n        <\/div>\n            <\/div>\n<!--\/themify_builder_content--><\/div>\n<\/div>\n<!-- \/module template_part -->        <\/div>\n                    <\/div>\n                <\/div>\n                        <\/div>\n        <\/div>\n                        <div  data-css_id=\"9rso662\" data-lazy=\"1\" class=\"module_row themify_builder_row fullwidth_row_container tb_9rso662 tf_w\">\n                        <div class=\"row_inner col_align_top tb_col_count_2 tf_box tf_rel\">\n                        <div  data-lazy=\"1\" class=\"module_column tb-column col3-2 tb_dlv6663 first\">\n                    <!-- module text -->\n<div  class=\"module module-text tb_3kxy663   \" data-lazy=\"1\">\n        <div  class=\"tb_text_wrap\">\n        <h2>UNSERE UNTERNEHMENSKULTUR<\/h2>\n<ul>\n<li>Unsere Unternehmenskultur, die von unseren Gesellschaftern und Mitarbeitern gleicherma\u00dfen geteilt wird, zeichnet sich durch unternehmerisches Handeln aus, bei dem sich jeder pers\u00f6nlich engagiert und f\u00fcr die Leistung und zuk\u00fcnftige Entwicklung unserer Unternehmensgruppe verantwortlich f\u00fchlt.<\/li>\n<li>Die Eigent\u00fcmerfamilie steht f\u00fcr unternehmerische Unabh\u00e4ngigkeit und langfristige Orientierung sowie f\u00fcr Vertrauen und Respekt gegen\u00fcber den Mitarbeitern.<\/li>\n<li>Unsere Mitarbeiter sind loyal, verantwortungsbewusst, zielstrebig und innovativ. Schnelle Entscheidungen sind Teil unserer Kultur. Die Mitarbeiter engagieren sich, um den langfristigen Erfolg des Unternehmens zu sichern und sind stolz, ein Mitglied der Clyde Bergemann Familie zu sein.<\/li>\n<li>Unsere Kultur ist gepr\u00e4gt von Zusammengeh\u00f6rigkeit und Teamarbeit, um den langfristigen Unternehmenserfolg zu sichern.<\/li>\n<\/ul>    <\/div>\n<\/div>\n<!-- \/module text -->        <\/div>\n                    <div  data-lazy=\"1\" class=\"module_column tb-column col3-1 tb_mevn664 last\">\n                            <\/div>\n                        <\/div>\n        <\/div>\n                        <div  data-css_id=\"p2qx712\" data-lazy=\"1\" class=\"module_row themify_builder_row fullwidth_row_container tb_p2qx712 tf_w\">\n                        <div class=\"row_inner col_align_top tb_col_count_1 tf_box tf_rel\">\n                        <div  data-lazy=\"1\" class=\"module_column tb-column col-full tb_acr1713 first\">\n                    <!-- module text -->\n<div  class=\"module module-text tb_xsa0713   \" data-lazy=\"1\">\n        <div  class=\"tb_text_wrap\">\n        <h2 class=\"lblue\">MITARBEITER REFERENZEN<\/h2>    <\/div>\n<\/div>\n<!-- \/module text -->        <div  data-lazy=\"1\" class=\"module_subrow themify_builder_sub_row tf_w col_align_top tb_col_count_1 tb_bmzo714\">\n                <div  data-lazy=\"1\" class=\"module_column sub_column col-full tb_a4uu714 first\">\n                    <div  class=\"module themify_builder_slider_wrap tf_clearfix module-testimonial-slider tb_frg3715 TestiImg image-bubble  \" data-lazy=\"1\">\n        <div class=\"themify_builder_slider tf_carousel tf_swiper-container tf_rel tf_overflow\" data-lazy=\"1\"        data-visible=\"1\"\n        data-tab-visible=\"\"\n        data-mob-visible=\"\"\n        data-scroll=\"\"\n                        data-speed=\"1\"\n        data-wrapvar=\"1\"\n        data-slider_nav=\"1\"\n        data-pager=\"1\"\n        data-effect=\"scroll\" \n        data-height=\"variable\"\n        data-css_url=\"https:\/\/cbpg.com\/de\/wp-content\/themes\/themify-ultra\/themify\/themify-builder\/css\/modules\/sliders\/carousel,https:\/\/cbpg.com\/de\/wp-content\/themes\/themify-ultra\/themify\/themify-builder\/css\/modules\/sliders\/testimonial-slider\"\n                    >\n        <div class=\"tf_swiper-wrapper tf_lazy tf_rel tf_w tf_h tf_textc\">\n                <div class=\"post tf_swiper-slide\">            <div class=\"testimonial-item\">\n                                <div class=\"testimonial-content\">\n                                                                                    <div class=\"testimonial-entry-content\">\n                            <p><img loading=\"lazy\" decoding=\"async\" class=\"wp-image-3936 alignright\" src=\"https:\/\/cbpg.com\/de\/wp-content\/uploads\/2023\/03\/Product-Manager-Wesel-JEBa-1.jpg\" alt=\"\" width=\"84\" height=\"112\">Als Produktmanager bei Clyde Bergemann habe ich die M\u00f6glichkeit in einem internationalen Umfeld mit Kollegen und Kunden aus aller Welt zusammenzuarbeiten. Durch unsere ma\u00dfgeschneiderten Produkte und das dynamische Marktumfeld h\u00e4lt jeder Tag und jedes Projekt neue Herausforderungen parat und die Arbeit gestaltet sich spannend und abwechslungsreich.<\/p>\n<p><strong>Leiter Konstruktion und Engineering<span data-teams=\"true\">, <\/span>Wesel<\/strong><\/p>                        <\/div>\n                                        \n                                    <\/div>\n            <\/div>\n        <\/div><!-- .post -->            <div class=\"post tf_swiper-slide\" style=\"content-visibility:hidden\">            <div class=\"testimonial-item\">\n                                <div class=\"testimonial-content\">\n                                                                                    <div class=\"testimonial-entry-content\">\n                            <p><img loading=\"lazy\" decoding=\"async\" class=\"size-medium wp-image-1598 alignright\" src=\"http:\/\/cbpg-com.stackstaging.com\/de\/wp-content\/uploads\/2021\/11\/Deputy-General-Manager-Shanghai-Clyde-Bergemann-1-266x300-1.jpeg\" alt=\"\" width=\"266\" height=\"300\">Ich f\u00fchle mich geehrt, seit 2008 bei Clyde Bergemann zu arbeiten. Ich hatte die M\u00f6glichkeit, mich mit dem Unternehmen weiterzuentwickeln und habe es genossen, mit Kollegen auf der ganzen Welt zusammenzuarbeiten und von ihnen zu lernen. Clyde Bergemann f\u00f6rdert die kontinuierliche Weiterentwicklung seiner Mitarbeiter und ermutigt mich, mein Wissen und meine F\u00e4higkeiten zu erweitern, was mich in die Lage versetzt, mehr Verantwortung bei der Arbeit zu \u00fcbernehmen.<\/p>\n<p><strong>Gesch\u00e4ftsf\u00fchrerin, Shanghai<\/strong><\/p>                        <\/div>\n                                        \n                                    <\/div>\n            <\/div>\n        <\/div><!-- .post -->            <div class=\"post tf_swiper-slide\" style=\"content-visibility:hidden\">            <div class=\"testimonial-item\">\n                                <div class=\"testimonial-content\">\n                                                                                    <div class=\"testimonial-entry-content\">\n                            <p><img loading=\"lazy\" decoding=\"async\" class=\"size-medium wp-image-1601 alignright\" src=\"http:\/\/cbpg-com.stackstaging.com\/de\/wp-content\/uploads\/2021\/11\/Production-Manager-Clyde-Bergemann-Australia-1-212x300-1.jpeg\" alt=\"\" width=\"212\" height=\"300\">Wir bei Clyde Bergemann stehen f\u00fcr Teamarbeit, und die offenen und freien Kommunikationslinien bedeuten, dass wir flexibel auf die sich \u00e4ndernden Marktanforderungen reagieren und die Erwartungen der Kunden im Vordergrund unseres Denkens und Handelns stehen.<\/p>\n<p><strong>Produktionsmanager, Australien<\/strong><\/p>                        <\/div>\n                                        \n                                    <\/div>\n            <\/div>\n        <\/div><!-- .post -->                <\/div>\n    <\/div>\n<\/div>\n        <\/div>\n                    <\/div>\n                <\/div>\n                        <\/div>\n        <\/div>\n                        <div  data-lazy=\"1\" class=\"module_row themify_builder_row tb_cds0976 tf_w\">\n                        <div class=\"row_inner col_align_top tb_col_count_2 tf_box tf_rel\">\n                        <div  data-lazy=\"1\" class=\"module_column tb-column col3-1 tb_d70j978 first\">\n                            <\/div>\n                    <div  data-lazy=\"1\" class=\"module_column tb-column col3-2 tb_ymc0977 last\">\n                    <!-- module text -->\n<div  class=\"module module-text tb_kjb7977    wow\" data-tf-animation=\"fadeIn\" data-tf-animation_delay=\".3\" data-lazy=\"1\">\n        <div  class=\"tb_text_wrap\">\n        <h2><strong>WERDE TEIL DES TEAMS<\/strong><\/h2>\n<p>Wir haben uns als Marktf\u00fchrer in diversen Industrien etabliert und unsere globale Pr\u00e4senz stetig ausgebaut. Alles dies w\u00e4re nicht m\u00f6glich gewesen ohne die kontinuierliche Unterst\u00fctzung und das Engagement unserer Mitarbeiter.<\/p>\n<p>Wir sind immer auf der Suche nach talentierten und motivierten Mitarbeitern zur Verst\u00e4rkung unseres weltweiten Teams, insbesondere suchen wir nach Ingenieuren aus den Bereichen Maschinenbau, Verfahrens- und Steuerungstechnik sowie nach Bewerbern f\u00fcr die Bereiche Vertrieb und Projektmanagement.<\/p>\n<p>Um Teil des Clyde Bergemann Teams zu werden, senden Sie bitte Ihren Lebenslauf per E-Mail an:\u00a0 <a href=\"mailto:jobs@de.cbpg.com\">jobs@de.cbpg.com<\/a><\/p>    <\/div>\n<\/div>\n<!-- \/module text -->        <\/div>\n                        <\/div>\n        <\/div>\n        <\/div>\n<!--\/themify_builder_content-->","protected":false},"excerpt":{"rendered":"<p>UNSERE VISION Wir wollen auch in der Zukunft ein weltweit f\u00fchrendes Unternehmen sein, das sich auf die Entwicklung, die Herstellung und den Service von Schl\u00fcsselkomponenten f\u00fcr die Energiewirtschaft und verwandte Industrien konzentriert und diese um digitale L\u00f6sungen erg\u00e4nzt. Wir wollen beitragen, den Weg in eine nachhaltigere Zukunft f\u00fcr kommende Generationen zu ebnen. Vor 100 Jahren [&hellip;]<\/p>\n","protected":false},"author":8,"featured_media":0,"parent":193,"menu_order":18,"comment_status":"closed","ping_status":"closed","template":"","meta":{"_acf_changed":false,"inline_featured_image":false,"_monsterinsights_skip_tracking":false,"_monsterinsights_sitenote_active":false,"_monsterinsights_sitenote_note":"","_monsterinsights_sitenote_category":0,"footnotes":"","_wp_rev_ctl_limit":""},"class_list":["post-206","page","type-page","status-publish","hentry","has-post-title","has-post-date","has-post-category","has-post-tag","has-post-comment","has-post-author",""],"acf":[],"builder_content":"Karriere\n<h1>ARBEITEN BEI CLYDE BERGEMANN<br\/><\/h1>\n<h2>UNSERE VISION<\/h2> <p>Wir wollen auch in der Zukunft ein weltweit f\u00fchrendes Unternehmen sein, das sich auf die Entwicklung, die Herstellung und den Service von Schl\u00fcsselkomponenten f\u00fcr die Energiewirtschaft und verwandte Industrien konzentriert und diese um digitale L\u00f6sungen erg\u00e4nzt. Wir wollen beitragen, den Weg in eine nachhaltigere Zukunft f\u00fcr kommende Generationen zu ebnen.<\/p> <p>Vor 100 Jahren haben wir Dampflokomotiven ausger\u00fcstet, heute und in den kommenden Jahrzehnten werden wir die Energieversorger der Zukunft beliefern.<\/p>\n<h2>UNSERE UNTERNEHMENSKULTUR<\/h2> <ul> <li>Unsere Unternehmenskultur, die von unseren Gesellschaftern und Mitarbeitern gleicherma\u00dfen geteilt wird, zeichnet sich durch unternehmerisches Handeln aus, bei dem sich jeder pers\u00f6nlich engagiert und f\u00fcr die Leistung und zuk\u00fcnftige Entwicklung unserer Unternehmensgruppe verantwortlich f\u00fchlt.<\/li> <li>Die Eigent\u00fcmerfamilie steht f\u00fcr unternehmerische Unabh\u00e4ngigkeit und langfristige Orientierung sowie f\u00fcr Vertrauen und Respekt gegen\u00fcber den Mitarbeitern.<\/li> <li>Unsere Mitarbeiter sind loyal, verantwortungsbewusst, zielstrebig und innovativ. Schnelle Entscheidungen sind Teil unserer Kultur. Die Mitarbeiter engagieren sich, um den langfristigen Erfolg des Unternehmens zu sichern und sind stolz, ein Mitglied der Clyde Bergemann Familie zu sein.<\/li> <li>Unsere Kultur ist gepr\u00e4gt von Zusammengeh\u00f6rigkeit und Teamarbeit, um den langfristigen Unternehmenserfolg zu sichern.<\/li> <\/ul>\n<h2>MITARBEITER REFERENZEN<\/h2>\n<p><img loading=\"lazy\" decoding=\"async\" src=\"https:\/\/cbpg.com\/de\/wp-content\/uploads\/2023\/03\/Product-Manager-Wesel-JEBa-1.jpg\" alt=\"\" width=\"84\" height=\"112\">Als Produktmanager bei Clyde Bergemann habe ich die M\u00f6glichkeit in einem internationalen Umfeld mit Kollegen und Kunden aus aller Welt zusammenzuarbeiten. Durch unsere ma\u00dfgeschneiderten Produkte und das dynamische Marktumfeld h\u00e4lt jeder Tag und jedes Projekt neue Herausforderungen parat und die Arbeit gestaltet sich spannend und abwechslungsreich.<\/p> <p><strong>Leiter Konstruktion und Engineering, Wesel<\/strong><\/p> <p><img loading=\"lazy\" decoding=\"async\" src=\"http:\/\/cbpg-com.stackstaging.com\/de\/wp-content\/uploads\/2021\/11\/Deputy-General-Manager-Shanghai-Clyde-Bergemann-1-266x300-1.jpeg\" alt=\"\" width=\"266\" height=\"300\">Ich f\u00fchle mich geehrt, seit 2008 bei Clyde Bergemann zu arbeiten. Ich hatte die M\u00f6glichkeit, mich mit dem Unternehmen weiterzuentwickeln und habe es genossen, mit Kollegen auf der ganzen Welt zusammenzuarbeiten und von ihnen zu lernen. Clyde Bergemann f\u00f6rdert die kontinuierliche Weiterentwicklung seiner Mitarbeiter und ermutigt mich, mein Wissen und meine F\u00e4higkeiten zu erweitern, was mich in die Lage versetzt, mehr Verantwortung bei der Arbeit zu \u00fcbernehmen.<\/p> <p><strong>Gesch\u00e4ftsf\u00fchrerin, Shanghai<\/strong><\/p> <p><img loading=\"lazy\" decoding=\"async\" src=\"http:\/\/cbpg-com.stackstaging.com\/de\/wp-content\/uploads\/2021\/11\/Production-Manager-Clyde-Bergemann-Australia-1-212x300-1.jpeg\" alt=\"\" width=\"212\" height=\"300\">Wir bei Clyde Bergemann stehen f\u00fcr Teamarbeit, und die offenen und freien Kommunikationslinien bedeuten, dass wir flexibel auf die sich \u00e4ndernden Marktanforderungen reagieren und die Erwartungen der Kunden im Vordergrund unseres Denkens und Handelns stehen.<\/p> <p><strong>Produktionsmanager, Australien<\/strong><\/p>\n<h2><strong>WERDE TEIL DES TEAMS<\/strong><\/h2> <p>Wir haben uns als Marktf\u00fchrer in diversen Industrien etabliert und unsere globale Pr\u00e4senz stetig ausgebaut. Alles dies w\u00e4re nicht m\u00f6glich gewesen ohne die kontinuierliche Unterst\u00fctzung und das Engagement unserer Mitarbeiter.<\/p> <p>Wir sind immer auf der Suche nach talentierten und motivierten Mitarbeitern zur Verst\u00e4rkung unseres weltweiten Teams, insbesondere suchen wir nach Ingenieuren aus den Bereichen Maschinenbau, Verfahrens- und Steuerungstechnik sowie nach Bewerbern f\u00fcr die Bereiche Vertrieb und Projektmanagement.<\/p> <p>Um Teil des Clyde Bergemann Teams zu werden, senden Sie bitte Ihren Lebenslauf per E-Mail an:\u00a0 <a href=\"mailto:jobs@de.cbpg.com\">jobs@de.cbpg.com<\/a><\/p>","_links":{"self":[{"href":"https:\/\/cbpg.com\/de\/wp-json\/wp\/v2\/pages\/206","targetHints":{"allow":["GET"]}}],"collection":[{"href":"https:\/\/cbpg.com\/de\/wp-json\/wp\/v2\/pages"}],"about":[{"href":"https:\/\/cbpg.com\/de\/wp-json\/wp\/v2\/types\/page"}],"author":[{"embeddable":true,"href":"https:\/\/cbpg.com\/de\/wp-json\/wp\/v2\/users\/8"}],"replies":[{"embeddable":true,"href":"https:\/\/cbpg.com\/de\/wp-json\/wp\/v2\/comments?post=206"}],"version-history":[{"count":6,"href":"https:\/\/cbpg.com\/de\/wp-json\/wp\/v2\/pages\/206\/revisions"}],"predecessor-version":[{"id":4155,"href":"https:\/\/cbpg.com\/de\/wp-json\/wp\/v2\/pages\/206\/revisions\/4155"}],"up":[{"embeddable":true,"href":"https:\/\/cbpg.com\/de\/wp-json\/wp\/v2\/pages\/193"}],"wp:attachment":[{"href":"https:\/\/cbpg.com\/de\/wp-json\/wp\/v2\/media?parent=206"}],"curies":[{"name":"wp","href":"https:\/\/api.w.org\/{rel}","templated":true}]}}