{"id":154,"date":"2021-11-30T21:41:44","date_gmt":"2021-11-30T21:41:44","guid":{"rendered":"https:\/\/cbpg.com\/de\/\/?page_id=154"},"modified":"2022-05-09T17:07:29","modified_gmt":"2022-05-09T16:07:29","slug":"unsere-produkte-loesungen","status":"publish","type":"page","link":"https:\/\/cbpg.com\/de\/unsere-produkte-loesungen\/","title":{"rendered":"Unsere Produkte &#038; L\u00f6sungen"},"content":{"rendered":"<!--themify_builder_content-->\n<div id=\"themify_builder_content-154\" data-postid=\"154\" class=\"themify_builder_content themify_builder_content-154 themify_builder tf_clear\">\n                    <div  data-css_id=\"n0sz295\" data-lazy=\"1\" class=\"module_row themify_builder_row Corner fullwidth_row_container tb_n0sz295 tb_first tf_w wow\" data-tf-animation=\"fadeIn\">\n            <span  class=\"builder_row_cover tf_abs\" data-lazy=\"1\"><\/span>            <div class=\"row_inner col_align_bottom tb_col_count_2 tf_box tf_rel\">\n                        <div  data-lazy=\"1\" class=\"module_column tb-column col3-2 tb_ncj6296 first\">\n                    <!-- module plain text -->\n<div  class=\"module module-plain-text tb_gifz296 HideThemify\" data-lazy=\"1\">\n        <div class=\"tb_text_wrap\">\n    Unsere Produkte &#038; L\u00f6sungen    <\/div>\n<\/div>\n<!-- \/module plain text --><!-- module fancy heading -->\n<div  class=\"module module-fancy-heading tb_njzb297  tb_hide_divider\" data-lazy=\"1\">\n        <h1 class=\"fancy-heading\">\n    <span class=\"main-head tf_block\">\n                    UNSERE PRODUKTE UND L\u00d6SUNGEN            <\/span>\n\n    \n    <span class=\"sub-head tf_block tf_rel\">\n                                <\/span>\n    <\/h1>\n<\/div>\n<!-- \/module fancy heading -->\n        <\/div>\n                    <div  data-lazy=\"1\" class=\"module_column tb-column col3-1 tb_p7t0297 last\">\n                            <\/div>\n                        <\/div>\n        <\/div>\n                        <div  data-css_id=\"nzpu512\" data-lazy=\"1\" class=\"module_row themify_builder_row Hand HideThemify fullwidth_row_container tb_nzpu512 tf_w\">\n                        <div class=\"row_inner col_align_top tb_col_count_1 tf_box tf_rel\">\n                        <div  data-lazy=\"1\" class=\"module_column tb-column col-full tb_3brx512 first\">\n                            <div  data-lazy=\"1\" class=\"module_subrow themify_builder_sub_row tf_w SolutionsEnd gutter-narrow col_align_bottom tb_col_count_3 tb_yik6513\">\n                <div  data-lazy=\"1\" class=\"module_column sub_column col3-1 tb_3efz513 first\">\n                    <!-- module image -->\n<div  class=\"module module-image tb_qr7k514 image-full-overlay  access tf_mw wow\" data-tf-animation=\"fadeInRight\" data-tf-animation_delay=\".3\" data-lazy=\"1\">\n        <div class=\"image-wrap tf_rel tf_mw\">\n            <a href=\"https:\/\/cbpg.com\/de\/our-products-solutions\/boiler-efficiency\">\n                   <img decoding=\"async\" src=\"https:\/\/cbpg.com\/de\/wp-content\/uploads\/2021\/11\/Boiler-Effeciency.jpeg.webp\" title=\"Boiler Efficiency\" alt=\"Employee checking boiler efficiency on location \">        <\/a>\n    \n        <\/div>\n    <!-- \/image-wrap -->\n    \n        <div class=\"image-content tf_overflow\">\n                    <h3 class=\"image-title\">\n                                    <a href=\"https:\/\/cbpg.com\/de\/our-products-solutions\/boiler-efficiency\">\n                        Boiler Efficiency                    <\/a>\n                            <\/h3>\n                        <div class=\"image-caption tb_text_wrap\">\n            <a href=\"https:\/\/cbpg.com\/de\/our-products-solutions\/boiler-efficiency\">Produkte anzeigen<\/a>        <\/div>\n        <!-- \/image-caption -->\n            <\/div>\n    <!-- \/image-content -->\n        <\/div>\n<!-- \/module image -->        <\/div>\n                    <div  data-lazy=\"1\" class=\"module_column sub_column col3-1 tb_z7m2514 HideMeBlock\">\n                    <!-- module image -->\n<div  class=\"module module-image tb_g7wh514 image-full-overlay  access tf_mw wow\" data-tf-animation=\"fadeIn\" data-lazy=\"1\">\n        <div class=\"image-wrap tf_rel tf_mw\">\n            <a href=\"https:\/\/cbpg.com\/de\/unsere-produkte-loesungen\/materials-handling\/\">\n                   <img decoding=\"async\" src=\"https:\/\/cbpg.com\/de\/wp-content\/uploads\/2021\/11\/Material-Handling.jpeg.webp\" title=\"Materials Handling\" alt=\"Materials Handling\">        <\/a>\n    \n        <\/div>\n    <!-- \/image-wrap -->\n    \n        <div class=\"image-content tf_overflow\">\n                    <h3 class=\"image-title\">\n                                    <a href=\"https:\/\/cbpg.com\/de\/unsere-produkte-loesungen\/materials-handling\/\">\n                        Materials Handling                    <\/a>\n                            <\/h3>\n                        <div class=\"image-caption tb_text_wrap\">\n            <a href=\"https:\/\/cbpg.com\/de\/unsere-produkte-loesungen\/materials-handling\/\/\">Produkte anzeigen<\/a>        <\/div>\n        <!-- \/image-caption -->\n            <\/div>\n    <!-- \/image-content -->\n        <\/div>\n<!-- \/module image -->        <\/div>\n                    <div  data-lazy=\"1\" class=\"module_column sub_column col3-1 tb_efux514 last\">\n                    <!-- module image -->\n<div  class=\"module module-image tb_6b3n514 image-full-overlay  access tf_mw wow\" data-tf-animation=\"fadeInLeft\" data-tf-animation_delay=\".3\" data-lazy=\"1\">\n        <div class=\"image-wrap tf_rel tf_mw\">\n            <a href=\"https:\/\/cbpg.com\/de\/our-products-solutions\/solution\/energy-recovery\">\n                   <img decoding=\"async\" src=\"https:\/\/cbpg.com\/de\/wp-content\/uploads\/2021\/11\/Energy-Recovery.jpeg.webp\" title=\"Energy Recovery\" alt=\"Energy Recovery\">        <\/a>\n    \n        <\/div>\n    <!-- \/image-wrap -->\n    \n        <div class=\"image-content tf_overflow\">\n                    <h3 class=\"image-title\">\n                                    <a href=\"https:\/\/cbpg.com\/de\/our-products-solutions\/solution\/energy-recovery\">\n                        Energy Recovery                    <\/a>\n                            <\/h3>\n                        <div class=\"image-caption tb_text_wrap\">\n            <a href=\"https:\/\/cbpg.com\/de\/our-products-solutions\/solution\/energy-recovery\">Produkte anzeigen<\/a>        <\/div>\n        <!-- \/image-caption -->\n            <\/div>\n    <!-- \/image-content -->\n        <\/div>\n<!-- \/module image -->        <\/div>\n                    <\/div>\n                <\/div>\n                        <\/div>\n        <\/div>\n                        <div  data-css_id=\"b6uw730\" data-lazy=\"1\" class=\"module_row themify_builder_row fullwidth_row_container tb_b6uw730 tf_w\">\n                        <div class=\"row_inner col_align_top tb_col_count_1 tf_box tf_rel\">\n                        <div  data-lazy=\"1\" class=\"module_column tb-column col-full tb_tsns730 first\">\n                            <div  data-lazy=\"1\" class=\"module_subrow themify_builder_sub_row tf_w col_align_top tb_col_count_2 tb_3x8k730\">\n                <div  data-lazy=\"1\" class=\"module_column sub_column col3-2 tb_h1n6730 first\">\n                    <!-- module text -->\n<div  class=\"module module-text tb_sln5730    wow\" data-tf-animation=\"fadeIn\" data-tf-animation_delay=\".3\" data-lazy=\"1\">\n        <div  class=\"tb_text_wrap\">\n        <p><strong>Wir bieten eine breite Palette von Schl\u00fcsselprodukten und L\u00f6sungen f\u00fcr den Einsatz in energiebezogenen Umwandlungs- und Produktionsprozessen bei unseren Kunden.<\/strong><\/p>\n<p>Wir arbeiten st\u00e4ndig an der Weiterentwicklung unserer Produkte und Dienstleistungen mit dem Ziel unseren Kunden aus der Kraftwerksindustrie und verwandten Branchen die modernsten Technologien zur Verf\u00fcgung zu stellen, damit die globale Energiewirtschaft ihren wachsenden Bedarf an sauberer Energie decken und die sich st\u00e4ndig weiterentwickelnden strengen Vorschriften einhalten kann.<\/p>\n<p>Unsere Expertise liegt in drei Hauptbereichen;<\/p>\n<ul>\n<li>Produkte zur Steigerung der Kesseleffizienz, einschlie\u00dflich Kesselreinigungssysteme, Steuerungen und Diagnosesysteme sowie SMART Clean zur bedarfsgerechten Kesselreinigung<\/li>\n<li>Systeme zur trockenen F\u00f6rderung von Schlacken und Bodenasche<\/li>\n<li>Nachhaltige W\u00e4rmetauschersysteme zur Energier\u00fcckgewinnung<\/li>\n<\/ul>\n<p>Als Pionier in der Branche spielen wir eine entscheidende Rolle bei der Gestaltung der On-load Reinigungstechnologie. So waren wir einer der ersten auf dem Markt, die Wasser erfolgreich zur Kesselreinigung eingesetzt haben. Ebenso haben wir fr\u00fchzeitig die Vorteile einer bedarfsgesteuerten Kesselreinigung erkannt, die entsprechend der tats\u00e4chlichen Verschmutzungsssituation und nicht nach einem festen Reinigungsschema durchgef\u00fchrt wird.<\/p>    <\/div>\n<\/div>\n<!-- \/module text -->        <\/div>\n                    <div  data-lazy=\"1\" class=\"module_column sub_column col3-1 tb_7egc731 last\">\n                    <!-- module template_part -->\n<div  class=\"module module-layout-part tb_c9fq546 \">\n    <div class=\"tb_layout_part_wrap tf_w\"><!--themify_builder_content-->\n    <div  class=\"themify_builder_content themify_builder_content-3064 themify_builder not_editable_builder in_the_loop\" data-postid=\"3064\">\n                        <div  data-lazy=\"1\" class=\"module_row themify_builder_row tb_sso4933 tf_w\">\n                        <div class=\"row_inner col_align_top tb_col_count_1 tf_box tf_rel\">\n                        <div  data-lazy=\"1\" class=\"module_column tb-column col-full tb_t0p4934 first\">\n                    <!-- module plain text -->\n<div  class=\"module module-plain-text tb_2rrp57 \" data-lazy=\"1\">\n        <div class=\"tb_text_wrap\">\n     <span class=\"Circle fadein\">\n<span class=\"inner\"><strong>5000+ <\/strong>Energieanlagen in verschiedenen Industrien weltweit ausger\u00fcstet<\/span><\/span>\n <span class=\"Circle Circle-lg fadein1\">\n<span class=\"inner\"><strong>500.000+<\/strong> <br>Reinigungsprodukte in den letzten 25 Jahren verkauft<\/span><\/span>\n<span class=\"Circle Circle-md fadein2\"> <span class=\"inner\">\n<strong>130+<\/strong><br> L\u00e4nder mit unseren Produkten beliefert<\/span><\/span>    <\/div>\n<\/div>\n<!-- \/module plain text -->        <\/div>\n                        <\/div>\n        <\/div>\n            <\/div>\n<!--\/themify_builder_content--><\/div>\n<\/div>\n<!-- \/module template_part -->        <\/div>\n                    <\/div>\n                <\/div>\n                        <\/div>\n        <\/div>\n                        <div  data-lazy=\"1\" class=\"module_row themify_builder_row SolutionsStart tb_f6vr398 tf_w\">\n                        <div class=\"row_inner gutter-narrow col_align_top tb_col_count_3 tf_box tf_rel\">\n                        <div  data-lazy=\"1\" class=\"module_column tb-column col4-2 tb_2wwm398 first\">\n                    <!-- module text -->\n<div  class=\"module module-text tb_206b398   \" data-lazy=\"1\">\n        <div  class=\"tb_text_wrap\">\n        <h2>ERSATZTEILE &amp; SERVICE<\/h2>    <\/div>\n<\/div>\n<!-- \/module text --><!-- module text -->\n<div  class=\"module module-text tb_rjnm398   \" data-lazy=\"1\">\n        <div  class=\"tb_text_wrap\">\n        <blockquote>\n<p>Unser Wissen und unsere Erfahrung setzen wir gezielt ein, um mittels individuell zugeschnittener Dienstleistungen unsere Kunden weltweit optimal zu unterst\u00fctzen. Angefangen mit Ersatzteilen und Wartungsarbeiten \u00fcber Schulungen bis hin zu Gutachten decken wir die Bedarfe unserer Kunden vollst\u00e4ndig ab.<\/p>\n<\/blockquote>    <\/div>\n<\/div>\n<!-- \/module text -->        <\/div>\n                    <div  data-lazy=\"1\" class=\"module_column tb-column col4-1 tb_8tx0398\">\n                    <!-- module image -->\n<div  class=\"module module-image tb_x1gc399 image-full-overlay  access SplitIT auto_fullwidth tf_mw wow\" data-tf-animation=\"fadeInLeft\" data-lazy=\"1\">\n        <div class=\"image-wrap tf_rel tf_mw\">\n            <a href=\"https:\/\/cbpg.com\/de\/services-ersatzteile\/#Ersatzteile\">\n                   <img loading=\"lazy\" decoding=\"async\" width=\"350\" height=\"440\" src=\"https:\/\/cbpg.com\/de\/wp-content\/uploads\/2022\/01\/2456eosdfService-Spare-Parts.jpg\" class=\"wp-post-image wp-image-1545\" title=\"Ersatzteile\" alt=\"Ersatzteile\">        <\/a>\n    \n        <\/div>\n    <!-- \/image-wrap -->\n    \n        <div class=\"image-content tf_overflow\">\n                    <h3 class=\"image-title\">\n                                    <a href=\"https:\/\/cbpg.com\/de\/services-ersatzteile\/#Ersatzteile\">\n                        Ersatzteile                    <\/a>\n                            <\/h3>\n                        <div class=\"image-caption tb_text_wrap\">\n            <a href=\"https:\/\/cbpg.com\/de\/services-ersatzteile\/#Ersatzteile\">Mehr Informationen &gt;<\/a>        <\/div>\n        <!-- \/image-caption -->\n            <\/div>\n    <!-- \/image-content -->\n        <\/div>\n<!-- \/module image -->        <\/div>\n                    <div  data-lazy=\"1\" class=\"module_column tb-column col4-1 tb_iq8a399 last\">\n                    <!-- module image -->\n<div  class=\"module module-image tb_b14f399 image-full-overlay  access SplitIT auto_fullwidth tf_mw wow\" data-tf-animation=\"fadeInRight\" data-lazy=\"1\">\n        <div class=\"image-wrap tf_rel tf_mw\">\n            <a href=\"https:\/\/cbpg.com\/de\/services-ersatzteile\/#Service\">\n                   <img loading=\"lazy\" decoding=\"async\" width=\"350\" height=\"440\" src=\"https:\/\/cbpg.com\/de\/wp-content\/uploads\/2021\/12\/eosdfService-Spare-Parts-1.jpeg\" class=\"wp-post-image wp-image-777\" title=\"Service\" alt=\"Service &amp; Spare Parts\">        <\/a>\n    \n        <\/div>\n    <!-- \/image-wrap -->\n    \n        <div class=\"image-content tf_overflow\">\n                    <h3 class=\"image-title\">\n                                    <a href=\"https:\/\/cbpg.com\/de\/services-ersatzteile\/#Service\">\n                        Service                    <\/a>\n                            <\/h3>\n                        <div class=\"image-caption tb_text_wrap\">\n            <a href=\"https:\/\/cbpg.com\/de\/services-ersatzteile\/#Service\">Mehr Informationen &gt;<\/a>        <\/div>\n        <!-- \/image-caption -->\n            <\/div>\n    <!-- \/image-content -->\n        <\/div>\n<!-- \/module image -->        <\/div>\n                        <\/div>\n        <\/div>\n                        <div  data-css_id=\"dekq964\" data-lazy=\"1\" class=\"module_row themify_builder_row fullwidth_row_container tb_dekq964 tf_w\">\n                        <div class=\"row_inner col_align_top tb_col_count_1 tf_box tf_rel\">\n                        <div  data-lazy=\"1\" class=\"module_column tb-column col-full tb_csjw964 first\">\n                            <div  data-lazy=\"1\" class=\"module_subrow themify_builder_sub_row tf_w col_align_bottom tb_col_count_2 tb_a5sp965\">\n                <div  data-lazy=\"1\" class=\"module_column sub_column col3-2 tb_skmd965 first\">\n                    <!-- module text -->\n<div  class=\"module module-text tb_v767965   \" data-lazy=\"1\">\n        <div  class=\"tb_text_wrap\">\n        <h2>NACHHALTIGKEIT IM FOKUS &#8211; WIR REDUZIEREN CO<sub>2<\/sub><\/h2>\n<p>Mit unseren weltweiten T\u00e4tigkeiten \u00fcbernehmen wir Verantwortung f\u00fcr die langfristige Sicherung einer nachhaltigen Energieerzeugung und -verwendung.<\/p>    <\/div>\n<\/div>\n<!-- \/module text -->        <\/div>\n                    <div  data-lazy=\"1\" class=\"module_column sub_column col3-1 tb_65j3965 last\">\n                            <\/div>\n                    <\/div>\n                <div  data-lazy=\"1\" class=\"module_subrow themify_builder_sub_row tf_w HideThemify col_align_top tb_col_count_1 tb_da83965\">\n        <span  class=\"builder_row_cover tf_abs\" data-lazy=\"1\"><\/span>        <div  data-lazy=\"1\" class=\"module_column sub_column col-full tb_1alg965 first\">\n                    <!-- module text -->\n<div  class=\"module module-text tb_riom965 sustain  \" data-lazy=\"1\">\n        <div  class=\"tb_text_wrap\">\n        <h4><strong>Durch uns bereits<\/strong><\/h4>\n<h6 id=\"CCalc\" class=\"fig-number lblue AfterIT\" style=\"margin: 0px!important;\">0<\/h6>\n<h3>Tonnen CO<sub>2<\/sub>\u00a0in diesem Jahr eingespart.<\/h3>    <\/div>\n<\/div>\n<!-- \/module text --><!-- module plain text -->\n<div  class=\"module module-plain-text tb_gwrm965 \" data-lazy=\"1\">\n        <div class=\"tb_text_wrap\">\n    <div class=\"tb_text_wrap\">\n\t<a href=\"https:\/\/cbpg.com\/de\/ueber-uns\/soziale-verantwortung\/\" class=\"_2bK0M access\" style=\"\"><span>Unsere soziale Verantwortung<\/span><div class=\"_1Pj8M\"><div class=\"_2Zsfo\"><\/div><div class=\"_3iB7E\"><svg xmlns=\"https:\/\/www.w3.org\/2000\/svg\" viewBox=\"0 0 69.7 74\"><path d=\"M1.9,20.7A34.94,34.94,0,1,1,2,53.4\" fill=\"none\" stroke=\"#00B8F1\" stroke-linecap=\"round\" stroke-width=\"3\"><\/path><\/svg><\/div><div class=\"_3kS-D\"><svg xmlns=\"https:\/\/www.w3.org\/2000\/svg\" viewBox=\"0 0 69.7 74\"><path d=\"M1.9,20.7A34.94,34.94,0,1,1,2,53.4\" fill=\"none\" stroke=\"white\" stroke-linecap=\"round\" stroke-width=\"2\"><\/path><\/svg><\/div><\/div><\/a>    <\/div>    <\/div>\n<\/div>\n<!-- \/module plain text -->        <\/div>\n                    <\/div>\n                <\/div>\n                        <\/div>\n        <\/div>\n        <\/div>\n<!--\/themify_builder_content-->","protected":false},"excerpt":{"rendered":"<p>UNSERE PRODUKTE UND L\u00d6SUNGEN Boiler Efficiency Produkte anzeigen Materials Handling Produkte anzeigen Energy Recovery Produkte anzeigen Wir bieten eine breite Palette von Schl\u00fcsselprodukten und L\u00f6sungen f\u00fcr den Einsatz in energiebezogenen Umwandlungs- und Produktionsprozessen bei unseren Kunden. Wir arbeiten st\u00e4ndig an der Weiterentwicklung unserer Produkte und Dienstleistungen mit dem Ziel unseren Kunden aus der Kraftwerksindustrie und [&hellip;]<\/p>\n","protected":false},"author":8,"featured_media":0,"parent":0,"menu_order":15,"comment_status":"closed","ping_status":"closed","template":"","meta":{"_acf_changed":false,"inline_featured_image":false,"_monsterinsights_skip_tracking":false,"_monsterinsights_sitenote_active":false,"_monsterinsights_sitenote_note":"","_monsterinsights_sitenote_category":0,"footnotes":"","_wp_rev_ctl_limit":""},"class_list":["post-154","page","type-page","status-publish","hentry","has-post-title","has-post-date","has-post-category","has-post-tag","has-post-comment","has-post-author",""],"acf":[],"builder_content":"\n<h1>UNSERE PRODUKTE UND L\u00d6SUNGEN<br\/><\/h1>\n<a href=\"https:\/\/cbpg.com\/de\/our-products-solutions\/boiler-efficiency\"> <img src=\"https:\/\/cbpg.com\/de\/wp-content\/uploads\/2021\/11\/Boiler-Effeciency.jpeg.webp\" title=\"Boiler Efficiency\" alt=\"Employee checking boiler efficiency on location \"> <\/a> <h3> <a href=\"https:\/\/cbpg.com\/de\/our-products-solutions\/boiler-efficiency\"> Boiler Efficiency <\/a> <\/h3> <a href=\"https:\/\/cbpg.com\/de\/our-products-solutions\/boiler-efficiency\">Produkte anzeigen<\/a>\n<a href=\"https:\/\/cbpg.com\/de\/unsere-produkte-loesungen\/materials-handling\/\"> <img src=\"https:\/\/cbpg.com\/de\/wp-content\/uploads\/2021\/11\/Material-Handling.jpeg.webp\" title=\"Materials Handling\" alt=\"Materials Handling\"> <\/a> <h3> <a href=\"https:\/\/cbpg.com\/de\/unsere-produkte-loesungen\/materials-handling\/\"> Materials Handling <\/a> <\/h3> <a href=\"https:\/\/cbpg.com\/de\/unsere-produkte-loesungen\/materials-handling\/\/\">Produkte anzeigen<\/a>\n<a href=\"https:\/\/cbpg.com\/de\/our-products-solutions\/solution\/energy-recovery\"> <img src=\"https:\/\/cbpg.com\/de\/wp-content\/uploads\/2021\/11\/Energy-Recovery.jpeg.webp\" title=\"Energy Recovery\" alt=\"Energy Recovery\"> <\/a> <h3> <a href=\"https:\/\/cbpg.com\/de\/our-products-solutions\/solution\/energy-recovery\"> Energy Recovery <\/a> <\/h3> <a href=\"https:\/\/cbpg.com\/de\/our-products-solutions\/solution\/energy-recovery\">Produkte anzeigen<\/a>\n<p><strong>Wir bieten eine breite Palette von Schl\u00fcsselprodukten und L\u00f6sungen f\u00fcr den Einsatz in energiebezogenen Umwandlungs- und Produktionsprozessen bei unseren Kunden.<\/strong><\/p> <p>Wir arbeiten st\u00e4ndig an der Weiterentwicklung unserer Produkte und Dienstleistungen mit dem Ziel unseren Kunden aus der Kraftwerksindustrie und verwandten Branchen die modernsten Technologien zur Verf\u00fcgung zu stellen, damit die globale Energiewirtschaft ihren wachsenden Bedarf an sauberer Energie decken und die sich st\u00e4ndig weiterentwickelnden strengen Vorschriften einhalten kann.<\/p> <p>Unsere Expertise liegt in drei Hauptbereichen;<\/p> <ul> <li>Produkte zur Steigerung der Kesseleffizienz, einschlie\u00dflich Kesselreinigungssysteme, Steuerungen und Diagnosesysteme sowie SMART Clean zur bedarfsgerechten Kesselreinigung<\/li> <li>Systeme zur trockenen F\u00f6rderung von Schlacken und Bodenasche<\/li> <li>Nachhaltige W\u00e4rmetauschersysteme zur Energier\u00fcckgewinnung<\/li> <\/ul> <p>Als Pionier in der Branche spielen wir eine entscheidende Rolle bei der Gestaltung der On-load Reinigungstechnologie. So waren wir einer der ersten auf dem Markt, die Wasser erfolgreich zur Kesselreinigung eingesetzt haben. Ebenso haben wir fr\u00fchzeitig die Vorteile einer bedarfsgesteuerten Kesselreinigung erkannt, die entsprechend der tats\u00e4chlichen Verschmutzungsssituation und nicht nach einem festen Reinigungsschema durchgef\u00fchrt wird.<\/p>\n<h2>ERSATZTEILE &amp; SERVICE<\/h2>\n<blockquote> <p>Unser Wissen und unsere Erfahrung setzen wir gezielt ein, um mittels individuell zugeschnittener Dienstleistungen unsere Kunden weltweit optimal zu unterst\u00fctzen. Angefangen mit Ersatzteilen und Wartungsarbeiten \u00fcber Schulungen bis hin zu Gutachten decken wir die Bedarfe unserer Kunden vollst\u00e4ndig ab.<\/p> <\/blockquote>\n<a href=\"https:\/\/cbpg.com\/de\/services-ersatzteile\/#Ersatzteile\"> <img src=\"https:\/\/cbpg.com\/de\/wp-content\/uploads\/2022\/01\/2456eosdfService-Spare-Parts.jpg\" title=\"Ersatzteile\" alt=\"Ersatzteile\"> <\/a> <h3> <a href=\"https:\/\/cbpg.com\/de\/services-ersatzteile\/#Ersatzteile\"> Ersatzteile <\/a> <\/h3> <a href=\"https:\/\/cbpg.com\/de\/services-ersatzteile\/#Ersatzteile\">Mehr Informationen &gt;<\/a>\n<a href=\"https:\/\/cbpg.com\/de\/services-ersatzteile\/#Service\"> <img src=\"https:\/\/cbpg.com\/de\/wp-content\/uploads\/2021\/12\/eosdfService-Spare-Parts-1.jpeg\" title=\"Service\" alt=\"Service &amp; Spare Parts\"> <\/a> <h3> <a href=\"https:\/\/cbpg.com\/de\/services-ersatzteile\/#Service\"> Service <\/a> <\/h3> <a href=\"https:\/\/cbpg.com\/de\/services-ersatzteile\/#Service\">Mehr Informationen &gt;<\/a>\n<h2>NACHHALTIGKEIT IM FOKUS - WIR REDUZIEREN CO<sub>2<\/sub><\/h2> <p>Mit unseren weltweiten T\u00e4tigkeiten \u00fcbernehmen wir Verantwortung f\u00fcr die langfristige Sicherung einer nachhaltigen Energieerzeugung und -verwendung.<\/p>\n<h4><strong>Durch uns bereits<\/strong><\/h4> <h6 id=\"CCalc\" style=\"margin: 0px!important;\">0<\/h6> <h3>Tonnen CO<sub>2<\/sub>\u00a0in diesem Jahr eingespart.<\/h3>\n<a href=\"https:\/\/cbpg.com\/de\/ueber-uns\/soziale-verantwortung\/\" style=\"\">Unsere soziale Verantwortung<svg xmlns=\"https:\/\/www.w3.org\/2000\/svg\" viewBox=\"0 0 69.7 74\"><path d=\"M1.9,20.7A34.94,34.94,0,1,1,2,53.4\" fill=\"none\" stroke=\"#00B8F1\" stroke-linecap=\"round\" stroke-width=\"3\"><\/path><\/svg><svg xmlns=\"https:\/\/www.w3.org\/2000\/svg\" viewBox=\"0 0 69.7 74\"><path d=\"M1.9,20.7A34.94,34.94,0,1,1,2,53.4\" fill=\"none\" stroke=\"white\" stroke-linecap=\"round\" stroke-width=\"2\"><\/path><\/svg><\/a>","_links":{"self":[{"href":"https:\/\/cbpg.com\/de\/wp-json\/wp\/v2\/pages\/154","targetHints":{"allow":["GET"]}}],"collection":[{"href":"https:\/\/cbpg.com\/de\/wp-json\/wp\/v2\/pages"}],"about":[{"href":"https:\/\/cbpg.com\/de\/wp-json\/wp\/v2\/types\/page"}],"author":[{"embeddable":true,"href":"https:\/\/cbpg.com\/de\/wp-json\/wp\/v2\/users\/8"}],"replies":[{"embeddable":true,"href":"https:\/\/cbpg.com\/de\/wp-json\/wp\/v2\/comments?post=154"}],"version-history":[{"count":1,"href":"https:\/\/cbpg.com\/de\/wp-json\/wp\/v2\/pages\/154\/revisions"}],"predecessor-version":[{"id":3704,"href":"https:\/\/cbpg.com\/de\/wp-json\/wp\/v2\/pages\/154\/revisions\/3704"}],"wp:attachment":[{"href":"https:\/\/cbpg.com\/de\/wp-json\/wp\/v2\/media?parent=154"}],"curies":[{"name":"wp","href":"https:\/\/api.w.org\/{rel}","templated":true}]}}